{"id":5234,"date":"2022-04-01T10:49:47","date_gmt":"2022-04-01T08:49:47","guid":{"rendered":"https:\/\/newroots.ch.olaf.ch-meta.net\/theyre-talking-about-us\/"},"modified":"2025-03-26T15:24:20","modified_gmt":"2025-03-26T14:24:20","slug":"on-parle-de-nous","status":"publish","type":"page","link":"https:\/\/newroots.ch\/fr\/on-parle-de-nous\/","title":{"rendered":"On parle de nous !"},"content":{"rendered":"<h2>Retrouvez ici les articles, podcasts et vid\u00e9os consacr\u00e9s \u00e0 New Roots.<\/h2>\n<p>&nbsp;<\/p>\n<p>Nutrition insight, <em><strong><a href=\"https:\/\/www.nutritioninsight.com\/video\/biofach-2025-new-roots-ceo-on-crafting-nutritious-and-sustainable-vegan-cheese.html\">Biofach 2025: New Roots CEO on crafting nutritious and sustainable vegan cheese<\/a><\/strong><\/em> (02\/2025)<\/p>\n<p>Molkerei Industrie, <em><a href=\"https:\/\/moproweb.de\/news-2023\/alternativen-traditionell-produziert\/\"><strong>Alternativen traditionell produziert<\/strong><\/a><\/em> (02\/2025)<\/p>\n<p>Aroma &#8211; Pistor, <em><strong><a href=\"https:\/\/issuu.com\/pistorag\/docs\/aroma_fr_02_25?fr=xKAE9_zU1NQ\">100% fromage<\/a><\/strong><\/em>\u00a0 &#8211; page 38-41 (03\/2025)<\/p>\n<p>Torg, <strong><em><a href=\"https:\/\/usetorg.com\/blog\/top-plant-based-dairy-suppliers\">Top 10 Plant-Based Dairy &amp; Protein Suppliers<\/a> <\/em><\/strong>(02\/2025)<\/p>\n<p>PlattformJ, <em><strong><a href=\"https:\/\/www.plattformj.ch\/artikel\/229841\/\">Z\u00e4me ungerw\u00e4gs bei New Roots<\/a><\/strong><\/em> (02\/25)<\/p>\n<p>Bern Ost, <em><a href=\"https:\/\/www.bern-ost.ch\/New-Roots-Oberdiessbach-Die-vegane-Molkerei-sahnte-ab-698941\"><strong>New Roots Oberdiessbach: Die vegane Molkerei sahnte ab<\/strong><\/a><\/em> (02\/2025)<\/p>\n<p>Berner Zeitung, <span style=\"text-decoration: underline;\"><em><strong><a href=\"https:\/\/hub.tx.group\/de\/bz\/stories\/9236-alles-kein-kase\">Alles kein K\u00e4se<\/a><\/strong><\/em><\/span> (06\/2024)<\/p>\n<p>LSCV, <em><strong><a href=\"https:\/\/www.youtube.com\/watch?v=poHSpSZzzdc\" target=\"_blank\" rel=\"noopener\">Rencontre avec Alice Fauconnet, cofondatrice de New Roots, la marque de fromages v\u00e9ganes suisses<\/a> <\/strong><\/em>(01\/2024)<\/p>\n<p>RTS &#8211; <em><strong><a href=\"https:\/\/www.rts.ch\/play\/tv\/basik\/video\/planete-faux-mages?urn=urn:rts:video:14526376\">Plan\u00e8te faux-mages<\/a><\/strong><\/em> (12\/2023)<\/p>\n<p>RSI &#8211; <strong><em><a href=\"https:\/\/www.rsi.ch\/play\/tv\/trend\/video\/il-cibo-di-domani?urn=urn:rsi:video:1996336\">Il cibo di domani<\/a> (<\/em><\/strong>12\/2023)<\/p>\n<p>Thunersee Liebi, <em><strong><a href=\"https:\/\/newroots.ch\/wp-content\/uploads\/2024\/01\/Thunersee-Liebi-1.pdf\" target=\"_blank\" rel=\"noopener\">Vegane Molkerei mit Herz<\/a><\/strong><\/em> (11\/2023)<\/p>\n<p>Falstaff, <em><strong><a href=\"https:\/\/newroots.ch\/wp-content\/uploads\/2024\/01\/Falstaff.jpg\" target=\"_blank\" rel=\"noopener\">Die K\u00e4setraditionen der Zukunft<\/a> <\/strong><\/em>(04\/2023)<\/p>\n<p>Salatblatt, <em><strong><a href=\"https:\/\/newroots.ch\/wp-content\/uploads\/2024\/01\/Salatblatt.pdf\" target=\"_blank\" rel=\"noopener\">Pflanzliche Revolution<\/a> <\/strong><\/em>(06\/2023)<\/p>\n<p>LSCV, <a href=\"https:\/\/www.lscv.ch\/new-roots-une-marque-suisse-et-sans-souffrance-animale\/\"><b>New Roots : une marque suisse et sans souffrance animale<\/b><\/a> (04\/2023)<\/p>\n<p>Le Temps, <strong><a href=\"https:\/\/www.letemps.ch\/economie\/entreprises\/new-roots-reinvente-fromage-version-vegane\">New Roots r\u00e9invente le fromage en version v\u00e9gane<\/a><\/strong>\u00a0 \/ <strong><a href=\"https:\/\/newroots.ch\/wp-content\/uploads\/2023\/07\/New-Roots-Le-Temps.jpg\">pdf<\/a><\/strong> (03\/23)<\/p>\n<p>La Domenica\u00a0 <em><strong><a href=\"https:\/\/newroots.ch\/wp-content\/uploads\/2023\/02\/LaDomenica_20230205_29_0.pdf\" target=\"_blank\" rel=\"noopener\">LaDomenica_20230205_29_0 <\/a><\/strong><\/em>(02\/2023)<\/p>\n<p>EnergieSchweiz <em><strong><a href=\"https:\/\/www.energieschweiz.ch\/stories\/waermepumpe-lebensmittelherstellung\/\">CO2-freundliche Produktion veganer Alternativen zu K\u00e4se<\/a><\/strong><\/em><a href=\"https:\/\/www.energieschweiz.ch\/stories\/waermepumpe-lebensmittelherstellung\/\">\u00a0<\/a>(12\/2022)<\/p>\n<p>Gewagt\u00a0 <em><strong><a href=\"https:\/\/newroots.ch\/wp-content\/uploads\/2023\/02\/gewagt_Ausgabe_44.pdf\" target=\"_blank\" rel=\"noopener\">gewagt_Ausgabe_44<\/a> <\/strong><\/em>(11\/2022)<\/p>\n<p>Express <em><strong><a href=\"https:\/\/newroots.ch\/wp-content\/uploads\/2023\/02\/20220912_Transgourmet-Express-DE_37-2022.pdf\" target=\"_blank\" rel=\"noopener\">20220912_Transgourmet Express DE_37-2022<\/a> <\/strong><\/em>(09\/2022)<\/p>\n<p>Foodaktuell <em><strong><a href=\"https:\/\/www.foodaktuell.ch\/2022\/09\/10\/traditionelles-handwerk-mit-neuen-rohstoffen\/\">Traditionelles Handwerk mit neuen Rohstoffen<\/a><\/strong><\/em> (09\/2022)<\/p>\n<p>Hauptstadt <em><strong><a href=\"https:\/\/www.hauptstadt.be\/a\/new-roots-kaese-aus-cashew\">Diese Molkerei braucht keine K\u00fche<\/a><\/strong><\/em> (08\/2022)<\/p>\n<p>Ethical Consumer <em><strong><a href=\"https:\/\/www.ethicalconsumer.org\/food-drink\/shopping-guide\/vegan-cheese\">Vegan Cheese<\/a><\/strong><\/em> (07\/2022)<\/p>\n<p>Berner Landbote<em> <a href=\"https:\/\/newroots.ch\/wp-content\/uploads\/2022\/05\/BerichtMiriamBLB.pdf\" target=\"_blank\" rel=\"noopener\"><strong>Die veganen K\u00e4sepioniere aus dem Emmental<\/strong><\/a> <\/em>(01\/2022)<\/p>\n<p>SRF <em><a href=\"https:\/\/www.srf.ch\/news\/wirtschaft\/kaese-neu-erfunden-vegane-kaese-alternative-aus-dem-emmental\" target=\"_blank\" rel=\"noopener\"><strong>Vegane K\u00e4se-Alternative aus dem Emmental<\/strong><\/a><\/em> (01\/2022)<\/p>\n<p>RTS, <em><strong><a href=\"https:\/\/www.rts.ch\/info\/regions\/berne\/12693372-du-fromage-sans-lait-est-fabrique-au-royaume-de-lemmental.html\">Du fromage sans lait est fabriqu\u00e9 au royaume de l&rsquo;Emmental<\/a><\/strong><\/em> (12\/2021)<\/p>\n<p>Terre &amp; Nature <em><a href=\"https:\/\/newroots.ch\/wp-content\/uploads\/2022\/05\/Faux-mages02.09.2021.pdf\" target=\"_blank\" rel=\"noopener\"><strong>Fabriqu\u00e9s sans lait, les \u00abfaux-mages\u00bb font recette<\/strong><\/a><\/em> (09\/2021)<\/p>\n<p>Migros<em> <a href=\"https:\/\/newroots.ch\/wp-content\/uploads\/2022\/05\/Migros-Vegane-Vielfalt-statt-Verzicht.png\" target=\"_blank\" rel=\"noopener\"><strong>Vegane Vielfalt statt Verzicht<\/strong><\/a> <\/em>(08\/2021)<\/p>\n<p>S\u00fcddeutsche<em> <a href=\"https:\/\/www.sueddeutsche.de\/stil\/kaese-vegan-ersatzprodukte-1.5339837\"><strong>Zeitung Neues aus Emmental<\/strong><\/a><\/em> (07\/2021)<\/p>\n<p>Swisspreneur <em><a href=\"https:\/\/lnk.bio\/swisspreneur\" target=\"_blank\" rel=\"noopener\"><strong>Show EP #170 &#8211; Freddy Hunziker: New Roots Melkt Cashews Statt K\u00fche<\/strong><\/a><\/em> (07\/2021)<\/p>\n<p>StartUpTicker.ch <em><a href=\"https:\/\/www.startupticker.ch\/en\/news?publish_slug=may-2021&amp;slug=zehnmal-mehr-platz-fur-s-wachstum\" target=\"_blank\" rel=\"noopener\"><strong>Zehnmal mehr Platz f\u00fcr\u2019s Wachstum<\/strong><\/a><\/em> (05\/2021)<\/p>\n<p>Der Bund <em><a href=\"https:\/\/www.derbund.ch\/schweizer-kaesetradition-neu-interpretiert-897195982108\" target=\"_blank\" rel=\"noopener\"><strong>Schweizer K\u00e4setradition neu interpretiert<\/strong><\/a> <\/em>(04\/2021)<\/p>\n<p>BauernZeitung <em><a href=\"https:\/\/www.bauernzeitung.ch\/hidden_article\/new-roots-will-mit-veganem-kaese-schweizer-traditionen-bewahren\" target=\"_blank\" rel=\"noopener\"><strong>New Roots will mit veganem K\u00e4se Schweizer Traditionen bewahren<\/strong><\/a><\/em> (04\/2021)<\/p>\n<p>VEGPRENEUR<em> <a href=\"https:\/\/www.vegpreneur.org\/blog\/alice-fauconnet\" target=\"_blank\" rel=\"noopener\"><strong>Founder Spotlight: Alice Fauconnet<\/strong> (New Roots)<\/a> <\/em>(04\/2021)<\/p>\n<p>Forbes <em><a href=\"https:\/\/www.forbes.com\/profile\/freddy-hunziker\/?list=30under30-europe-art-culture&amp;sh=7d2272037178\" target=\"_blank\" rel=\"noopener\"><strong>30 Under 30 &#8211; Europe &#8211; Art &amp; Culture<\/strong><\/a> <\/em>(04\/2021)<\/p>\n<p>Coop <em><a href=\"https:\/\/www.taten-statt-worte.ch\/content\/taten-statt-worte\/de\/aktuelles\/blog\/tatendrang-mit-freddy-hunziker.html\" target=\"_blank\" rel=\"noopener\"><strong>TATENDRANG mit Freddy Hunziker<\/strong><\/a><\/em> (04\/2021)<\/p>\n<p>Coopzeitung <em><a href=\"https:\/\/newroots.ch\/wp-content\/uploads\/2022\/05\/Coopzeitung-Coop_Bericht_NewRoots.pdf\" target=\"_blank\" rel=\"noopener\"><strong>Veganer Jogurt-Genuss<\/strong><\/a> <\/em>(03\/2021)<\/p>\n<p>Thuner Tagblatt <em><a href=\"https:\/\/newroots.ch\/wp-content\/uploads\/2022\/05\/Thuner-Tagblatt-New_Roots_TT_9.3.2021_S.5.pdf\" target=\"_blank\" rel=\"noopener\"><strong>Neue Traditionen wachsen lassen<\/strong><\/a> <\/em>(03\/2021)<\/p>\n<p>Migros <em><a href=\"https:\/\/www.migros.ch\/de\/genossenschaften\/migros-basel\/aktuelles-der-migros-basel\/new-roots-kaese.html\" target=\"_blank\" rel=\"noopener\"><strong>Nuss Statt Milch<\/strong><\/a><\/em> (11\/2020)<\/p>\n<p>Wochen <em><a href=\"https:\/\/newroots.ch\/wp-content\/uploads\/2022\/05\/Wochen-Aufschlag-scaled.jpeg\" target=\"_blank\" rel=\"noopener\"><strong>Zeitung F\u00fcr diesen K\u00e4se brauchts keine Kuh<\/strong><\/a><\/em> (10\/2020)<\/p>\n<p>taten-statt-worte.ch <em><a href=\"https:\/\/newroots.ch\/wp-content\/uploads\/2022\/05\/taten-statt-worte.ch-MeinTatendrang_D.jpeg\" target=\"_blank\" rel=\"noopener\"><strong>\u201cKein K\u00e4se hat so viele Ambitionen\u201d<\/strong><\/a> <\/em>(09\/2020)<\/p>\n<p>House of Switzerland<em> <a href=\"https:\/\/houseofswitzerland.org\/swissstories\/society\/swiss-startups-driving-vegan-innovation?fbclid=IwAR1LG4clBd4corE-InEELaVA857-MVEa5yCYKn0EHq8hZrOQJRK7S5N0IWE\" target=\"_blank\" rel=\"noopener\"><strong>Swiss startups driving vegan innovation<\/strong><\/a><\/em> (09\/2020)<\/p>\n<p>Chainless Life Podcast <em><a href=\"https:\/\/chainlesslife.com\/new-roots-kaese-der-zukunft\/\" target=\"_blank\" rel=\"noopener\"><strong>#104 K\u00e4se ohne Kuh: New Roots\u2019 Zukunftstechnologie<\/strong><\/a><\/em> (08\/2020)<\/p>\n<p>The Impact Untangled Podcast<em><a href=\"https:\/\/www.impactuntangled.com\/e\/episode-09-freddy-hunziker-crafting-future-swiss-dairy-traditions-with-new-roots-vegan-cheese\/\" target=\"_blank\" rel=\"noopener\"> <strong>Freddy Hunziker &#8211; Crafting future Swiss dairy traditions with New Roots Vegan Cheese<\/strong><\/a><\/em> (07\/2020)<\/p>\n<p>natur<em> <a href=\"https:\/\/newroots.ch\/wp-content\/uploads\/2022\/05\/natur-veganer_kaese_natur05_2020.pdf\" target=\"_blank\" rel=\"noopener\"><strong>K\u00e4se ohne Milch<\/strong><\/a><\/em> (05\/2020)<\/p>\n<p>BEAT <em><a href=\"https:\/\/newroots.ch\/wp-content\/uploads\/2022\/05\/BEAT-B-EAT_2-2020_Seite_126_127.pdf\" target=\"_blank\" rel=\"noopener\"><strong>Magazine Alles K\u00e4se, Oder Was?<\/strong><\/a> <\/em>(03\/2020)<\/p>\n<p>RTS <a href=\"https:\/\/www.rts.ch\/play\/radio\/ici-la-suisse\/audio\/ici-la-suisse-une-fromagerie-vegan-voit-le-jour-dans-les-montagnes-bernoises?id=11013804\" target=\"_blank\" rel=\"noopener\"><strong><em>Ici la Suisse &#8211; Une fromagerie v\u00e9gan voit le jour dans les montagnes bernoises<\/em><\/strong><\/a> (01\/2020)<\/p>\n<p>RTS <a href=\"https:\/\/www.rts.ch\/play\/radio\/quinze-minutes\/audio\/quinze-minutes-lacher-le-lait-pour-sauver-la-planete?id=11003626\" target=\"_blank\" rel=\"noopener\"><strong><em>Quinze minutes &#8211; L\u00e2cher le lait pour sauver la plan\u00e8te?<\/em><\/strong><\/a> (01\/2020)<\/p>\n<p>Bloomberg <a href=\"https:\/\/www.bloomberg.com\/news\/articles\/2019-11-15\/how-vegan-cheesemakers-are-making-alt-dairy-products-more-tasty\" target=\"_blank\" rel=\"noopener\"><strong><em>Vegan Cheese Waits For Its Big Moment. These Companies Want to Make It Happen<\/em><\/strong><\/a> (11\/2019)<\/p>\n<p>Die Zeit <a href=\"https:\/\/www.zeit.de\/2019\/47\/vegane-produkte-schweizer-kaese-herstellung-ersatzstoffe\" target=\"_blank\" rel=\"noopener\"><strong><em>Was f\u00fcr ein K\u00e4se!<\/em><\/strong><\/a> (11\/2019)<\/p>\n<p>Vegan Kitchen TV <a href=\"https:\/\/www.youtube.com\/watch?v=U5iyFdsCOMc\" target=\"_blank\" rel=\"noopener\"><strong><em>Future Cuisine on The Road &#8211; New Roots<\/em><\/strong><\/a> (09\/2019)<\/p>\n<p>CNNMoney Switzerland <a href=\"https:\/\/www.youtube.com\/watch?v=3c8DvilrZ_c\" target=\"_blank\" rel=\"noopener\"><strong><em>How vegan cheese producer New Roots wants to disrupt the dairy industry<\/em><\/strong><\/a> (05\/2019)<\/p>\n<p>Foodaktuell <a href=\"https:\/\/www.foodaktuell.ch\/es-darf-nach-cashew-schmecken\/\" target=\"_blank\" rel=\"noopener\"><strong><em>\u00abEs darf nach Cashew Schmecken\u00bb<\/em><\/strong><\/a> (03\/2019)<\/p>\n<p>Veenity <a href=\"https:\/\/www.youtube.com\/watch?v=4rOHXZk4xfw\" target=\"_blank\" rel=\"noopener\"><strong><em>New Roots &#8211; wer hinter dem Schweizer K\u00e4se aus Cashews steckt<\/em><\/strong><\/a> (12\/2018)<\/p>\n<p>Vegconomist <a href=\"https:\/\/vegconomist.com\/interviews\/new-roots-the-dairy-industry-is-an-environmental-disaster\/\" target=\"_blank\" rel=\"noopener\"><strong><em>New Roots: \u201cThe Dairy Industry is an Environmental Disaster\u201d<\/em><\/strong><\/a> (11\/2018)<\/p>\n<p><strong><em><a href=\"https:\/\/www.youtube.com\/channel\/UCmwLKqOeWWDEBJHsG93KPhw\">Vegane Gesellschaft Schweiz<\/a> <a href=\"https:\/\/www.youtube.com\/watch?feature=emb_logo&amp;time_continue=50&amp;v=cT4QVmZcJJo\" target=\"_blank\" rel=\"noopener\">New Roots im Coop<\/a><\/em><\/strong> (11\/2018)<\/p>\n<p>Coop Zeitung <a href=\"https:\/\/www.coopzeitung.ch\/themen\/essen-trinken\/reportage\/2018\/tuefteln-bis-es-schmeckt-165979\/?fbclid=IwAR0DJGdK8pFqQXZeYwlajQS0EnP045jvqxZZEwdYeDqqdYR046tJskEpvrA\" target=\"_blank\" rel=\"noopener\"><strong><em>T\u00fcfteln, bis es schmeckt<\/em><\/strong><\/a> (11\/2018)<\/p>\n<p>Vegan Gesellschaft Schweiz <a href=\"https:\/\/vegan.ch\/2018\/11\/veganer-schweizer-kaese-neu-ueberall-erhaeltlich\/\" target=\"_blank\" rel=\"noopener\"><strong><em>Veganer Schweizer K\u00e4se neu \u00fcberall erh\u00e4ltlich<\/em><\/strong><\/a> (11\/2018)<\/p>\n<p>Fat Gay Vegan\u00a0<a href=\"http:\/\/fatgayvegan.com\/2018\/01\/21\/vegan-cheese-goes-london-wide\/\" target=\"_blank\" rel=\"noopener\"><strong><em>Vegan cheese goes London wide<\/em><\/strong><\/a> (01\/2018)<\/p>\n<p>Kovac Family <a href=\"https:\/\/kovacfamily.com\/blogs\/news\/new-roots-the-awarded-vegan-cheese-factory-in-switzerland\" target=\"_blank\" rel=\"noopener\"><strong><em>New Roots \u2013 the awarded vegan cheese factory in Switzerland<\/em><\/strong><\/a> (12\/2017)<\/p>\n<p>Thuner Tagblatt <a href=\"https:\/\/newroots.ch\/wp-content\/uploads\/2022\/05\/Thuner-Tagblatt-New_Roots_TT_9.3.2021_S.5.pdf\" target=\"_blank\" rel=\"noopener\"><strong><em>Dieser K\u00e4se braucht keine Kuh<\/em><\/strong><\/a> (10\/2017)<\/p>\n<p>The Junkfood Punks\u00a0<a href=\"https:\/\/junkfood-punks.com\/2017\/10\/27\/vegfest-london-2017-the-good-the-very-good-and-the-holy-shit-thats-good\/\" target=\"_blank\" rel=\"noopener\"><strong><em>The Good, the Very Good, and the Holy Shit That&rsquo;s Good<\/em><\/strong><\/a> (10\/2017)<\/p>\n<p>Food Academy Blog!\u00a0<a href=\"http:\/\/blog.foodacademy.ch\/2017\/09\/22\/veganer-kaese-von-new-roots-einfach-koestlich\/\" target=\"_blank\" rel=\"noopener\"><strong><em>Veganer K\u00e4se von New Roots \u2013 einfach k\u00f6stlich!<\/em><\/strong><\/a> (09\/2017)<\/p>\n<p>Der Bund\u00a0<a href=\"https:\/\/blog.tagesanzeiger.ch\/berufung\/index.php\/35753\/wenn-die-anthropologin-und-der-polymechaniker-veganen-kaese-produzieren\/\" target=\"_blank\" rel=\"noopener\"><strong><em>Wenn die Anthropologin und der Polymechaniker veganen K\u00e4se produzieren<\/em><\/strong><\/a> (05\/2017)<\/p>\n<p>Oliv <a href=\"https:\/\/newroots.ch\/wp-content\/uploads\/2022\/05\/Oliv-ScreenShot2018-02-21at18.07.27.png\" target=\"_blank\" rel=\"noopener\"><strong><em>\u00ab\u00a0Ich w\u00fcnsche mir eine vegan Welt\u00a0\u00bb<\/em><\/strong><\/a> (01\/2017)<\/p>\n<p>Jungfrau Zeitung\u00a0<a href=\"https:\/\/www.jungfrauzeitung.ch\/artikel\/149135\/\" target=\"_blank\" rel=\"noopener\"><strong><em>Casheeze \u2013 K\u00e4se aus Nussmilch<\/em><\/strong><\/a>\u00a0(11\/2016)<\/p>\n<p>20 Minuten\u00a0<a href=\"http:\/\/www.20min.ch\/schweiz\/bern\/story\/Veganer-Berner-Kaese-wird-aus-Nuessen-hergestellt-25834246\" target=\"_blank\" rel=\"noopener\"><strong><em>Veganer Berner K\u00e4se wird aus N\u00fcssen hergestellt<\/em><\/strong><\/a> (08\/2016)<\/p>\n<p>Ethical Consumer Issue <em><strong><a href=\"https:\/\/newroots.ch\/wp-content\/uploads\/2022\/08\/Ethical_Consumer_Issue_198.pdf\" target=\"_blank\" rel=\"noopener\">198<\/a><\/strong><\/em><\/p>\n","protected":false},"excerpt":{"rendered":"<p>Retrouvez ici les articles, podcasts et vid\u00e9os consacr\u00e9s \u00e0 New Roots. &nbsp; Nutrition insight, Biofach 2025: New Roots CEO on crafting nutritious and sustainable vegan cheese (02\/2025) Molkerei Industrie, Alternativen traditionell produziert (02\/2025) Aroma &#8211; Pistor, 100% fromage\u00a0 &#8211; page 38-41 (03\/2025) Torg, Top 10 Plant-Based Dairy &amp; Protein Suppliers (02\/2025) PlattformJ, Z\u00e4me ungerw\u00e4gs bei [&hellip;]<\/p>\n","protected":false},"author":5,"featured_media":0,"parent":0,"menu_order":12,"comment_status":"closed","ping_status":"closed","template":"","meta":{"_acf_changed":false,"footnotes":""},"class_list":["post-5234","page","type-page","status-publish","hentry"],"acf":[],"yoast_head":"<!-- This site is optimized with the Yoast SEO plugin v27.2 - https:\/\/yoast.com\/product\/yoast-seo-wordpress\/ -->\n<title>On parle de nous ! - New Roots vegan creamery<\/title>\n<meta name=\"robots\" content=\"index, follow, max-snippet:-1, max-image-preview:large, max-video-preview:-1\" \/>\n<link rel=\"canonical\" href=\"https:\/\/newroots.ch\/fr\/on-parle-de-nous\/\" \/>\n<meta property=\"og:locale\" content=\"fr_FR\" \/>\n<meta property=\"og:type\" content=\"article\" \/>\n<meta property=\"og:title\" content=\"On parle de nous ! - New Roots vegan creamery\" \/>\n<meta property=\"og:description\" content=\"Retrouvez ici les articles, podcasts et vid\u00e9os consacr\u00e9s \u00e0 New Roots. &nbsp; Nutrition insight, Biofach 2025: New Roots CEO on crafting nutritious and sustainable vegan cheese (02\/2025) Molkerei Industrie, Alternativen traditionell produziert (02\/2025) Aroma &#8211; Pistor, 100% fromage\u00a0 &#8211; page 38-41 (03\/2025) Torg, Top 10 Plant-Based Dairy &amp; Protein Suppliers (02\/2025) PlattformJ, Z\u00e4me ungerw\u00e4gs bei [&hellip;]\" \/>\n<meta property=\"og:url\" content=\"https:\/\/newroots.ch\/fr\/on-parle-de-nous\/\" \/>\n<meta property=\"og:site_name\" content=\"New Roots vegan creamery\" \/>\n<meta property=\"article:publisher\" content=\"https:\/\/www.facebook.com\/newrootscreamery\" \/>\n<meta property=\"article:modified_time\" content=\"2025-03-26T14:24:20+00:00\" \/>\n<meta name=\"twitter:card\" content=\"summary_large_image\" \/>\n<meta name=\"twitter:label1\" content=\"Dur\u00e9e de lecture estim\u00e9e\" \/>\n\t<meta name=\"twitter:data1\" content=\"3 minutes\" \/>\n<script type=\"application\/ld+json\" class=\"yoast-schema-graph\">{\"@context\":\"https:\/\/schema.org\",\"@graph\":[{\"@type\":\"WebPage\",\"@id\":\"https:\/\/newroots.ch\/fr\/on-parle-de-nous\/\",\"url\":\"https:\/\/newroots.ch\/fr\/on-parle-de-nous\/\",\"name\":\"On parle de nous ! - New Roots vegan creamery\",\"isPartOf\":{\"@id\":\"https:\/\/newroots.ch\/#website\"},\"datePublished\":\"2022-04-01T08:49:47+00:00\",\"dateModified\":\"2025-03-26T14:24:20+00:00\",\"breadcrumb\":{\"@id\":\"https:\/\/newroots.ch\/fr\/on-parle-de-nous\/#breadcrumb\"},\"inLanguage\":\"fr-FR\",\"potentialAction\":[{\"@type\":\"ReadAction\",\"target\":[\"https:\/\/newroots.ch\/fr\/on-parle-de-nous\/\"]}]},{\"@type\":\"BreadcrumbList\",\"@id\":\"https:\/\/newroots.ch\/fr\/on-parle-de-nous\/#breadcrumb\",\"itemListElement\":[{\"@type\":\"ListItem\",\"position\":1,\"name\":\"Accueil\",\"item\":\"https:\/\/newroots.ch\/fr\/\"},{\"@type\":\"ListItem\",\"position\":2,\"name\":\"On parle de nous !\"}]},{\"@type\":\"WebSite\",\"@id\":\"https:\/\/newroots.ch\/#website\",\"url\":\"https:\/\/newroots.ch\/\",\"name\":\"New Roots vegan creamery\",\"description\":\"\",\"publisher\":{\"@id\":\"https:\/\/newroots.ch\/#organization\"},\"potentialAction\":[{\"@type\":\"SearchAction\",\"target\":{\"@type\":\"EntryPoint\",\"urlTemplate\":\"https:\/\/newroots.ch\/?s={search_term_string}\"},\"query-input\":{\"@type\":\"PropertyValueSpecification\",\"valueRequired\":true,\"valueName\":\"search_term_string\"}}],\"inLanguage\":\"fr-FR\"},{\"@type\":\"Organization\",\"@id\":\"https:\/\/newroots.ch\/#organization\",\"name\":\"New Roots AG vegan creamery\",\"url\":\"https:\/\/newroots.ch\/\",\"logo\":{\"@type\":\"ImageObject\",\"inLanguage\":\"fr-FR\",\"@id\":\"https:\/\/newroots.ch\/#\/schema\/logo\/image\/\",\"url\":\"https:\/\/newroots.ch\/wp-content\/uploads\/2024\/01\/NEW-ROOTS_Logo-basique_RVB_noir.png\",\"contentUrl\":\"https:\/\/newroots.ch\/wp-content\/uploads\/2024\/01\/NEW-ROOTS_Logo-basique_RVB_noir.png\",\"width\":1440,\"height\":759,\"caption\":\"New Roots AG vegan creamery\"},\"image\":{\"@id\":\"https:\/\/newroots.ch\/#\/schema\/logo\/image\/\"},\"sameAs\":[\"https:\/\/www.facebook.com\/newrootscreamery\",\"https:\/\/ch.linkedin.com\/company\/new-roots-ag\",\"https:\/\/www.instagram.com\/new__roots\/\"]}]}<\/script>\n<!-- \/ Yoast SEO plugin. -->","yoast_head_json":{"title":"On parle de nous ! - New Roots vegan creamery","robots":{"index":"index","follow":"follow","max-snippet":"max-snippet:-1","max-image-preview":"max-image-preview:large","max-video-preview":"max-video-preview:-1"},"canonical":"https:\/\/newroots.ch\/fr\/on-parle-de-nous\/","og_locale":"fr_FR","og_type":"article","og_title":"On parle de nous ! - New Roots vegan creamery","og_description":"Retrouvez ici les articles, podcasts et vid\u00e9os consacr\u00e9s \u00e0 New Roots. &nbsp; Nutrition insight, Biofach 2025: New Roots CEO on crafting nutritious and sustainable vegan cheese (02\/2025) Molkerei Industrie, Alternativen traditionell produziert (02\/2025) Aroma &#8211; Pistor, 100% fromage\u00a0 &#8211; page 38-41 (03\/2025) Torg, Top 10 Plant-Based Dairy &amp; Protein Suppliers (02\/2025) PlattformJ, Z\u00e4me ungerw\u00e4gs bei [&hellip;]","og_url":"https:\/\/newroots.ch\/fr\/on-parle-de-nous\/","og_site_name":"New Roots vegan creamery","article_publisher":"https:\/\/www.facebook.com\/newrootscreamery","article_modified_time":"2025-03-26T14:24:20+00:00","twitter_card":"summary_large_image","twitter_misc":{"Dur\u00e9e de lecture estim\u00e9e":"3 minutes"},"schema":{"@context":"https:\/\/schema.org","@graph":[{"@type":"WebPage","@id":"https:\/\/newroots.ch\/fr\/on-parle-de-nous\/","url":"https:\/\/newroots.ch\/fr\/on-parle-de-nous\/","name":"On parle de nous ! - New Roots vegan creamery","isPartOf":{"@id":"https:\/\/newroots.ch\/#website"},"datePublished":"2022-04-01T08:49:47+00:00","dateModified":"2025-03-26T14:24:20+00:00","breadcrumb":{"@id":"https:\/\/newroots.ch\/fr\/on-parle-de-nous\/#breadcrumb"},"inLanguage":"fr-FR","potentialAction":[{"@type":"ReadAction","target":["https:\/\/newroots.ch\/fr\/on-parle-de-nous\/"]}]},{"@type":"BreadcrumbList","@id":"https:\/\/newroots.ch\/fr\/on-parle-de-nous\/#breadcrumb","itemListElement":[{"@type":"ListItem","position":1,"name":"Accueil","item":"https:\/\/newroots.ch\/fr\/"},{"@type":"ListItem","position":2,"name":"On parle de nous !"}]},{"@type":"WebSite","@id":"https:\/\/newroots.ch\/#website","url":"https:\/\/newroots.ch\/","name":"New Roots vegan creamery","description":"","publisher":{"@id":"https:\/\/newroots.ch\/#organization"},"potentialAction":[{"@type":"SearchAction","target":{"@type":"EntryPoint","urlTemplate":"https:\/\/newroots.ch\/?s={search_term_string}"},"query-input":{"@type":"PropertyValueSpecification","valueRequired":true,"valueName":"search_term_string"}}],"inLanguage":"fr-FR"},{"@type":"Organization","@id":"https:\/\/newroots.ch\/#organization","name":"New Roots AG vegan creamery","url":"https:\/\/newroots.ch\/","logo":{"@type":"ImageObject","inLanguage":"fr-FR","@id":"https:\/\/newroots.ch\/#\/schema\/logo\/image\/","url":"https:\/\/newroots.ch\/wp-content\/uploads\/2024\/01\/NEW-ROOTS_Logo-basique_RVB_noir.png","contentUrl":"https:\/\/newroots.ch\/wp-content\/uploads\/2024\/01\/NEW-ROOTS_Logo-basique_RVB_noir.png","width":1440,"height":759,"caption":"New Roots AG vegan creamery"},"image":{"@id":"https:\/\/newroots.ch\/#\/schema\/logo\/image\/"},"sameAs":["https:\/\/www.facebook.com\/newrootscreamery","https:\/\/ch.linkedin.com\/company\/new-roots-ag","https:\/\/www.instagram.com\/new__roots\/"]}]}},"_links":{"self":[{"href":"https:\/\/newroots.ch\/fr\/wp-json\/wp\/v2\/pages\/5234","targetHints":{"allow":["GET"]}}],"collection":[{"href":"https:\/\/newroots.ch\/fr\/wp-json\/wp\/v2\/pages"}],"about":[{"href":"https:\/\/newroots.ch\/fr\/wp-json\/wp\/v2\/types\/page"}],"author":[{"embeddable":true,"href":"https:\/\/newroots.ch\/fr\/wp-json\/wp\/v2\/users\/5"}],"replies":[{"embeddable":true,"href":"https:\/\/newroots.ch\/fr\/wp-json\/wp\/v2\/comments?post=5234"}],"version-history":[{"count":10,"href":"https:\/\/newroots.ch\/fr\/wp-json\/wp\/v2\/pages\/5234\/revisions"}],"predecessor-version":[{"id":95364,"href":"https:\/\/newroots.ch\/fr\/wp-json\/wp\/v2\/pages\/5234\/revisions\/95364"}],"wp:attachment":[{"href":"https:\/\/newroots.ch\/fr\/wp-json\/wp\/v2\/media?parent=5234"}],"curies":[{"name":"wp","href":"https:\/\/api.w.org\/{rel}","templated":true}]}}