{"id":3,"date":"2021-12-29T15:19:47","date_gmt":"2021-12-29T14:19:47","guid":{"rendered":"https:\/\/newroots.ch.olaf.ch-meta.net\/?page_id=3"},"modified":"2024-01-18T15:47:20","modified_gmt":"2024-01-18T14:47:20","slug":"mentions-legales","status":"publish","type":"page","link":"https:\/\/newroots.ch\/fr\/mentions-legales\/","title":{"rendered":"Mentions l\u00e9gales"},"content":{"rendered":"\r\n<h1 class=\"wp-block-heading\">Site \u201cNew Roots\u201d<\/h1>\r\n<p>&nbsp;<\/p>\r\n<p>&nbsp;<\/p>\r\n<p>Le site [www.newroots.ch] est \u00e9dit\u00e9 par New Roots New Roots AG, Soci\u00e9t\u00e9 anonyme immatricul\u00e9e en Suisse sous le num\u00e9ro CHE-424.852.289, situ\u00e9e \u00e0 Burgdorfstrasse 36, 3872 Oberdiessbach, Suisse.<\/p>\r\n<p>Vous pouvez nous contacter par t\u00e9l\u00e9phone au +41 33 557 84 44 ou en nous envoyant un email \u00e0 l\u2019adresse info@newroots.ch.<\/p>\r\n<p>Notre directeur de la publication est Alice Fauconnet.<\/p>\r\n<p>Le site est h\u00e9berg\u00e9 par <span style=\"font-weight: 400;\">Metanet, Josefstrasse 218, 8005 Z\u00fcrich, Suisse<\/span><\/p>\r\n","protected":false},"excerpt":{"rendered":"<p>Site \u201cNew Roots\u201d &nbsp; &nbsp; Le site [www.newroots.ch] est \u00e9dit\u00e9 par New Roots New Roots AG, Soci\u00e9t\u00e9 anonyme immatricul\u00e9e en Suisse sous le num\u00e9ro CHE-424.852.289, situ\u00e9e \u00e0 Burgdorfstrasse 36, 3872 Oberdiessbach, Suisse. Vous pouvez nous contacter par t\u00e9l\u00e9phone au +41 33 557 84 44 ou en nous envoyant un email \u00e0 l\u2019adresse info@newroots.ch. Notre directeur [&hellip;]<\/p>\n","protected":false},"author":7,"featured_media":0,"parent":0,"menu_order":17,"comment_status":"closed","ping_status":"closed","template":"","meta":{"_acf_changed":false,"footnotes":""},"class_list":["post-3","page","type-page","status-publish","hentry"],"acf":[],"yoast_head":"<!-- This site is optimized with the Yoast SEO plugin v27.2 - https:\/\/yoast.com\/product\/yoast-seo-wordpress\/ -->\n<title>Mentions l\u00e9gales - New Roots vegan creamery<\/title>\n<meta name=\"robots\" content=\"index, follow, max-snippet:-1, max-image-preview:large, max-video-preview:-1\" \/>\n<link rel=\"canonical\" href=\"https:\/\/newroots.ch\/fr\/mentions-legales\/\" \/>\n<meta property=\"og:locale\" content=\"fr_FR\" \/>\n<meta property=\"og:type\" content=\"article\" \/>\n<meta property=\"og:title\" content=\"Mentions l\u00e9gales - New Roots vegan creamery\" \/>\n<meta property=\"og:description\" content=\"Site \u201cNew Roots\u201d &nbsp; &nbsp; Le site [www.newroots.ch] est \u00e9dit\u00e9 par New Roots New Roots AG, Soci\u00e9t\u00e9 anonyme immatricul\u00e9e en Suisse sous le num\u00e9ro CHE-424.852.289, situ\u00e9e \u00e0 Burgdorfstrasse 36, 3872 Oberdiessbach, Suisse. Vous pouvez nous contacter par t\u00e9l\u00e9phone au +41 33 557 84 44 ou en nous envoyant un email \u00e0 l\u2019adresse info@newroots.ch. Notre directeur [&hellip;]\" \/>\n<meta property=\"og:url\" content=\"https:\/\/newroots.ch\/fr\/mentions-legales\/\" \/>\n<meta property=\"og:site_name\" content=\"New Roots vegan creamery\" \/>\n<meta property=\"article:publisher\" content=\"https:\/\/www.facebook.com\/newrootscreamery\" \/>\n<meta property=\"article:modified_time\" content=\"2024-01-18T14:47:20+00:00\" \/>\n<meta name=\"twitter:card\" content=\"summary_large_image\" \/>\n<meta name=\"twitter:label1\" content=\"Dur\u00e9e de lecture estim\u00e9e\" \/>\n\t<meta name=\"twitter:data1\" content=\"1 minute\" \/>\n<script type=\"application\/ld+json\" class=\"yoast-schema-graph\">{\"@context\":\"https:\/\/schema.org\",\"@graph\":[{\"@type\":\"WebPage\",\"@id\":\"https:\/\/newroots.ch\/fr\/mentions-legales\/\",\"url\":\"https:\/\/newroots.ch\/fr\/mentions-legales\/\",\"name\":\"Mentions l\u00e9gales - New Roots vegan creamery\",\"isPartOf\":{\"@id\":\"https:\/\/newroots.ch\/#website\"},\"datePublished\":\"2021-12-29T14:19:47+00:00\",\"dateModified\":\"2024-01-18T14:47:20+00:00\",\"breadcrumb\":{\"@id\":\"https:\/\/newroots.ch\/fr\/mentions-legales\/#breadcrumb\"},\"inLanguage\":\"fr-FR\",\"potentialAction\":[{\"@type\":\"ReadAction\",\"target\":[\"https:\/\/newroots.ch\/fr\/mentions-legales\/\"]}]},{\"@type\":\"BreadcrumbList\",\"@id\":\"https:\/\/newroots.ch\/fr\/mentions-legales\/#breadcrumb\",\"itemListElement\":[{\"@type\":\"ListItem\",\"position\":1,\"name\":\"Accueil\",\"item\":\"https:\/\/newroots.ch\/fr\/\"},{\"@type\":\"ListItem\",\"position\":2,\"name\":\"Mentions l\u00e9gales\"}]},{\"@type\":\"WebSite\",\"@id\":\"https:\/\/newroots.ch\/#website\",\"url\":\"https:\/\/newroots.ch\/\",\"name\":\"New Roots vegan creamery\",\"description\":\"\",\"publisher\":{\"@id\":\"https:\/\/newroots.ch\/#organization\"},\"potentialAction\":[{\"@type\":\"SearchAction\",\"target\":{\"@type\":\"EntryPoint\",\"urlTemplate\":\"https:\/\/newroots.ch\/?s={search_term_string}\"},\"query-input\":{\"@type\":\"PropertyValueSpecification\",\"valueRequired\":true,\"valueName\":\"search_term_string\"}}],\"inLanguage\":\"fr-FR\"},{\"@type\":\"Organization\",\"@id\":\"https:\/\/newroots.ch\/#organization\",\"name\":\"New Roots AG vegan creamery\",\"url\":\"https:\/\/newroots.ch\/\",\"logo\":{\"@type\":\"ImageObject\",\"inLanguage\":\"fr-FR\",\"@id\":\"https:\/\/newroots.ch\/#\/schema\/logo\/image\/\",\"url\":\"https:\/\/newroots.ch\/wp-content\/uploads\/2024\/01\/NEW-ROOTS_Logo-basique_RVB_noir.png\",\"contentUrl\":\"https:\/\/newroots.ch\/wp-content\/uploads\/2024\/01\/NEW-ROOTS_Logo-basique_RVB_noir.png\",\"width\":1440,\"height\":759,\"caption\":\"New Roots AG vegan creamery\"},\"image\":{\"@id\":\"https:\/\/newroots.ch\/#\/schema\/logo\/image\/\"},\"sameAs\":[\"https:\/\/www.facebook.com\/newrootscreamery\",\"https:\/\/ch.linkedin.com\/company\/new-roots-ag\",\"https:\/\/www.instagram.com\/new__roots\/\"]}]}<\/script>\n<!-- \/ Yoast SEO plugin. -->","yoast_head_json":{"title":"Mentions l\u00e9gales - New Roots vegan creamery","robots":{"index":"index","follow":"follow","max-snippet":"max-snippet:-1","max-image-preview":"max-image-preview:large","max-video-preview":"max-video-preview:-1"},"canonical":"https:\/\/newroots.ch\/fr\/mentions-legales\/","og_locale":"fr_FR","og_type":"article","og_title":"Mentions l\u00e9gales - New Roots vegan creamery","og_description":"Site \u201cNew Roots\u201d &nbsp; &nbsp; Le site [www.newroots.ch] est \u00e9dit\u00e9 par New Roots New Roots AG, Soci\u00e9t\u00e9 anonyme immatricul\u00e9e en Suisse sous le num\u00e9ro CHE-424.852.289, situ\u00e9e \u00e0 Burgdorfstrasse 36, 3872 Oberdiessbach, Suisse. Vous pouvez nous contacter par t\u00e9l\u00e9phone au +41 33 557 84 44 ou en nous envoyant un email \u00e0 l\u2019adresse info@newroots.ch. Notre directeur [&hellip;]","og_url":"https:\/\/newroots.ch\/fr\/mentions-legales\/","og_site_name":"New Roots vegan creamery","article_publisher":"https:\/\/www.facebook.com\/newrootscreamery","article_modified_time":"2024-01-18T14:47:20+00:00","twitter_card":"summary_large_image","twitter_misc":{"Dur\u00e9e de lecture estim\u00e9e":"1 minute"},"schema":{"@context":"https:\/\/schema.org","@graph":[{"@type":"WebPage","@id":"https:\/\/newroots.ch\/fr\/mentions-legales\/","url":"https:\/\/newroots.ch\/fr\/mentions-legales\/","name":"Mentions l\u00e9gales - New Roots vegan creamery","isPartOf":{"@id":"https:\/\/newroots.ch\/#website"},"datePublished":"2021-12-29T14:19:47+00:00","dateModified":"2024-01-18T14:47:20+00:00","breadcrumb":{"@id":"https:\/\/newroots.ch\/fr\/mentions-legales\/#breadcrumb"},"inLanguage":"fr-FR","potentialAction":[{"@type":"ReadAction","target":["https:\/\/newroots.ch\/fr\/mentions-legales\/"]}]},{"@type":"BreadcrumbList","@id":"https:\/\/newroots.ch\/fr\/mentions-legales\/#breadcrumb","itemListElement":[{"@type":"ListItem","position":1,"name":"Accueil","item":"https:\/\/newroots.ch\/fr\/"},{"@type":"ListItem","position":2,"name":"Mentions l\u00e9gales"}]},{"@type":"WebSite","@id":"https:\/\/newroots.ch\/#website","url":"https:\/\/newroots.ch\/","name":"New Roots vegan creamery","description":"","publisher":{"@id":"https:\/\/newroots.ch\/#organization"},"potentialAction":[{"@type":"SearchAction","target":{"@type":"EntryPoint","urlTemplate":"https:\/\/newroots.ch\/?s={search_term_string}"},"query-input":{"@type":"PropertyValueSpecification","valueRequired":true,"valueName":"search_term_string"}}],"inLanguage":"fr-FR"},{"@type":"Organization","@id":"https:\/\/newroots.ch\/#organization","name":"New Roots AG vegan creamery","url":"https:\/\/newroots.ch\/","logo":{"@type":"ImageObject","inLanguage":"fr-FR","@id":"https:\/\/newroots.ch\/#\/schema\/logo\/image\/","url":"https:\/\/newroots.ch\/wp-content\/uploads\/2024\/01\/NEW-ROOTS_Logo-basique_RVB_noir.png","contentUrl":"https:\/\/newroots.ch\/wp-content\/uploads\/2024\/01\/NEW-ROOTS_Logo-basique_RVB_noir.png","width":1440,"height":759,"caption":"New Roots AG vegan creamery"},"image":{"@id":"https:\/\/newroots.ch\/#\/schema\/logo\/image\/"},"sameAs":["https:\/\/www.facebook.com\/newrootscreamery","https:\/\/ch.linkedin.com\/company\/new-roots-ag","https:\/\/www.instagram.com\/new__roots\/"]}]}},"_links":{"self":[{"href":"https:\/\/newroots.ch\/fr\/wp-json\/wp\/v2\/pages\/3","targetHints":{"allow":["GET"]}}],"collection":[{"href":"https:\/\/newroots.ch\/fr\/wp-json\/wp\/v2\/pages"}],"about":[{"href":"https:\/\/newroots.ch\/fr\/wp-json\/wp\/v2\/types\/page"}],"author":[{"embeddable":true,"href":"https:\/\/newroots.ch\/fr\/wp-json\/wp\/v2\/users\/7"}],"replies":[{"embeddable":true,"href":"https:\/\/newroots.ch\/fr\/wp-json\/wp\/v2\/comments?post=3"}],"version-history":[{"count":1,"href":"https:\/\/newroots.ch\/fr\/wp-json\/wp\/v2\/pages\/3\/revisions"}],"predecessor-version":[{"id":15031,"href":"https:\/\/newroots.ch\/fr\/wp-json\/wp\/v2\/pages\/3\/revisions\/15031"}],"wp:attachment":[{"href":"https:\/\/newroots.ch\/fr\/wp-json\/wp\/v2\/media?parent=3"}],"curies":[{"name":"wp","href":"https:\/\/api.w.org\/{rel}","templated":true}]}}