{"id":26023,"date":"2024-03-28T21:07:38","date_gmt":"2024-03-28T20:07:38","guid":{"rendered":"https:\/\/newroots.ch\/?page_id=26023"},"modified":"2025-06-19T12:52:06","modified_gmt":"2025-06-19T10:52:06","slug":"demande-devenement","status":"publish","type":"page","link":"https:\/\/newroots.ch\/fr\/demande-devenement\/","title":{"rendered":"Demande d&rsquo;\u00e9v\u00e9nement"},"content":{"rendered":"<div class=\"eventanfrage-fr\">\n\n<div class=\"wpcf7 no-js\" id=\"wpcf7-f26681-o1\" lang=\"de-DE\" dir=\"ltr\" data-wpcf7-id=\"26681\">\n<div class=\"screen-reader-response\"><p role=\"status\" aria-live=\"polite\" aria-atomic=\"true\"><\/p> <ul><\/ul><\/div>\n<form action=\"\/fr\/wp-json\/wp\/v2\/pages\/26023#wpcf7-f26681-o1\" method=\"post\" class=\"wpcf7-form init 14434e520b2e cmatic-disconn cmatic-aud-5 cmatic-mapd0-0 cmatic-v0976 cmatic-sent-0 cmatic-total-0\" aria-label=\"Kontaktformular\" novalidate=\"novalidate\" data-status=\"init\">\n<fieldset class=\"hidden-fields-container\"><input type=\"hidden\" name=\"_wpcf7\" value=\"26681\" \/><input type=\"hidden\" name=\"_wpcf7_version\" value=\"6.1.5\" \/><input type=\"hidden\" name=\"_wpcf7_locale\" value=\"de_DE\" \/><input type=\"hidden\" name=\"_wpcf7_unit_tag\" value=\"wpcf7-f26681-o1\" \/><input type=\"hidden\" name=\"_wpcf7_container_post\" value=\"0\" \/><input type=\"hidden\" name=\"_wpcf7_posted_data_hash\" value=\"\" \/><input type=\"hidden\" name=\"_wpcf7_recaptcha_response\" value=\"\" \/>\n<\/fieldset>\n<div class=\"row\">\n\t<div class=\"col-md-12\">\n\t\t<div class=\"item-input\">\n\t\t\t<p><label>Pr\u00e9nom et nom* : <\/label><span class=\"wpcf7-form-control-wrap\" data-name=\"your-name\"><input size=\"40\" maxlength=\"400\" class=\"wpcf7-form-control wpcf7-text wpcf7-validates-as-required\" autocomplete=\"name\" aria-required=\"true\" aria-invalid=\"false\" value=\"\" type=\"text\" name=\"your-name\" \/><\/span>\n\t\t\t<\/p>\n\t\t<\/div>\n\t<\/div>\n\t<div class=\"col-md-12\">\n\t\t<div class=\"item-input\">\n\t\t\t<p><label>Nom de l\u2019entreprise\/organisation : <\/label><span class=\"wpcf7-form-control-wrap\" data-name=\"your-unternehmen\"><input size=\"40\" maxlength=\"400\" class=\"wpcf7-form-control wpcf7-text\" autocomplete=\"unternehmen\" aria-invalid=\"false\" value=\"\" type=\"text\" name=\"your-unternehmen\" \/><\/span>\n\t\t\t<\/p>\n\t\t<\/div>\n\t<\/div>\n\t<div class=\"col-md-12\">\n\t\t<div class=\"item-input\">\n\t\t\t<p><label>Num\u00e9ro de t\u00e9l\u00e9phone* : <\/label><span class=\"wpcf7-form-control-wrap\" data-name=\"your-tel\"><input size=\"40\" maxlength=\"400\" class=\"wpcf7-form-control wpcf7-tel wpcf7-validates-as-required wpcf7-text wpcf7-validates-as-tel\" autocomplete=\"tel\" aria-required=\"true\" aria-invalid=\"false\" value=\"\" type=\"tel\" name=\"your-tel\" \/><\/span>\n\t\t\t<\/p>\n\t\t<\/div>\n\t<\/div>\n\t<div class=\"col-md-12\">\n\t\t<div class=\"item-input\">\n\t\t\t<p><label>Adresse e-mail* : <\/label><span class=\"wpcf7-form-control-wrap\" data-name=\"your-email\"><input size=\"40\" maxlength=\"400\" class=\"wpcf7-form-control wpcf7-email wpcf7-validates-as-required wpcf7-text wpcf7-validates-as-email\" autocomplete=\"email\" aria-required=\"true\" aria-invalid=\"false\" value=\"\" type=\"email\" name=\"your-email\" \/><\/span>\n\t\t\t<\/p>\n\t\t<\/div>\n\t<\/div>\n\t<div class=\"col-md-12\">\n\t\t<div class=\"item-input\">\n\t\t\t<p><label>Langue souhait\u00e9e* : <\/label><span class=\"wpcf7-form-control-wrap\" data-name=\"your-sprache\"><input size=\"40\" maxlength=\"400\" class=\"wpcf7-form-control wpcf7-text wpcf7-validates-as-required\" aria-required=\"true\" aria-invalid=\"false\" value=\"\" type=\"text\" name=\"your-sprache\" \/><\/span>\n\t\t\t<\/p>\n\t\t<\/div>\n\t<\/div>\n\t<div class=\"col-md-12\">\n\t\t<div class=\"item-input\">\n\t\t\t<p><label>Nombre de participants* : <\/label><span class=\"wpcf7-form-control-wrap\" data-name=\"your-anzahlteilnehmer\"><input size=\"40\" maxlength=\"400\" class=\"wpcf7-form-control wpcf7-text wpcf7-validates-as-required\" aria-required=\"true\" aria-invalid=\"false\" value=\"\" type=\"text\" name=\"your-anzahlteilnehmer\" \/><\/span>\n\t\t\t<\/p>\n\t\t<\/div>\n\t<\/div>\n\t<div class=\"col-md-12\">\n\t\t<div class=\"item-input\">\n\t\t\t<p><label>Dates souhait\u00e9es (pr\u00e9f\u00e9rence pour mardi\/mercredi\/vendredi)* : <\/label><span class=\"wpcf7-form-control-wrap\" data-name=\"your-wunschdatum\"><input size=\"40\" maxlength=\"400\" class=\"wpcf7-form-control wpcf7-text wpcf7-validates-as-required\" aria-required=\"true\" aria-invalid=\"false\" value=\"\" type=\"text\" name=\"your-wunschdatum\" \/><\/span>\n\t\t\t<\/p>\n\t\t<\/div>\n\t<\/div>\n\t<div class=\"col-md-12\">\n\t\t<div class=\"item-input\">\n\t\t\t<p><label>Heure d\u2019arriv\u00e9e pr\u00e9vue : <\/label><span class=\"wpcf7-form-control-wrap\" data-name=\"your-ankunftszeit\"><input size=\"40\" maxlength=\"400\" class=\"wpcf7-form-control wpcf7-text\" aria-invalid=\"false\" value=\"\" type=\"text\" name=\"your-ankunftszeit\" \/><\/span>\n\t\t\t<\/p>\n\t\t<\/div>\n\t<\/div>\n\t<div class=\"col-md-12\">\n\t\t<div class=\"item-input\">\n\t\t\t<p><label>Format de l\u2019\u00e9v\u00e9nement* : <\/label><span class=\"wpcf7-form-control-wrap\" data-name=\"veranstaltungsformat\"><select class=\"wpcf7-form-control wpcf7-select wpcf7-validates-as-required\" aria-required=\"true\" aria-invalid=\"false\" name=\"veranstaltungsformat\"><option value=\"Pr\u00e9sentation, visite &amp; Ap\u00e9ro Stockhorn\">Pr\u00e9sentation, visite &amp; Ap\u00e9ro Stockhorn<\/option><option value=\"Pr\u00e9sentation, visite &amp; Ap\u00e9ro Niesen\">Pr\u00e9sentation, visite &amp; Ap\u00e9ro Niesen<\/option><option value=\"Pr\u00e9sentation, visite &amp; Ap\u00e9ro Eiger, M\u00f6nch &amp; Jungfrau\">Pr\u00e9sentation, visite &amp; Ap\u00e9ro Eiger, M\u00f6nch &amp; Jungfrau<\/option><\/select><\/span>\n\t\t\t<\/p>\n\t\t<\/div>\n\t<\/div>\n\t<div class=\"col-md-12\">\n\t\t<div class=\"item-input\">\n\t\t\t<p><label>Forfait boissons* : <\/label><span class=\"wpcf7-form-control-wrap\" data-name=\"boissons\"><select class=\"wpcf7-form-control wpcf7-select wpcf7-validates-as-required\" aria-required=\"true\" aria-invalid=\"false\" name=\"boissons\"><option value=\"Aucun (eau du robinet incluse)\">Aucun (eau du robinet incluse)<\/option><option value=\"Caf\u00e9, th\u00e9 &amp; eau filtr\u00e9e (CHF 5.\u2013 par personne)\">Caf\u00e9, th\u00e9 &amp; eau filtr\u00e9e (CHF 5.\u2013 par personne)<\/option><option value=\"Bi\u00e8re (CHF 5.\u2013 par bouteille)\">Bi\u00e8re (CHF 5.\u2013 par bouteille)<\/option><option value=\"Vin blanc Chasselas, Steffisburg (CHF 35.\u2013 par bouteille)\">Vin blanc Chasselas, Steffisburg (CHF 35.\u2013 par bouteille)<\/option><\/select><\/span>\n\t\t\t<\/p>\n\t\t<\/div>\n\t<\/div>\n\t<div class=\"col-md-12\">\n\t\t<div class=\"item-textarea\">\n\t\t\t<p><label>Votre message (facultatif) : <\/label><span class=\"wpcf7-form-control-wrap\" data-name=\"your-message\"><textarea cols=\"40\" rows=\"10\" maxlength=\"2000\" class=\"wpcf7-form-control wpcf7-textarea\" aria-invalid=\"false\" name=\"your-message\"><\/textarea><\/span>\n\t\t\t<\/p>\n\t\t<\/div>\n\t<\/div>\n\t<p><span id=\"wpcf7-69e320868e235-wrapper\" class=\"wpcf7-form-control-wrap email-wrap\" style=\"display:none !important; visibility:hidden !important;\"><input type=\"hidden\" name=\"email-time-start\" value=\"1776492678\"><input type=\"hidden\" name=\"email-time-check\" value=\"4\"><label for=\"wpcf7-69e320868e235-field\" class=\"hp-message\">Please leave this field empty<\/label><input id=\"wpcf7-69e320868e235-field\"  class=\"wpcf7-form-control wpcf7-text\" type=\"text\" name=\"email\" value=\"\" size=\"40\" tabindex=\"-1\" autocomplete=\"new-password\" \/><\/span>\n\t<\/p>\n\t<p><button type=\"submit\" class=\"link link-default primary mx-lg\"><span class=\"text\" data-text=\"Envoyer\">Envoyer<\/span><br \/>\n<\/button>\n\t<\/p>\n<\/div><div class=\"wpcf7-response-output\" aria-hidden=\"true\"><\/div>\n<\/form>\n<\/div>\n\n<\/div>\n","protected":false},"excerpt":{"rendered":"","protected":false},"author":7,"featured_media":0,"parent":0,"menu_order":11,"comment_status":"closed","ping_status":"closed","template":"templates\/form.php","meta":{"_acf_changed":false,"footnotes":""},"class_list":["post-26023","page","type-page","status-publish","hentry"],"acf":[],"yoast_head":"<!-- This site is optimized with the Yoast SEO plugin v27.2 - https:\/\/yoast.com\/product\/yoast-seo-wordpress\/ -->\n<title>Demande d&#039;\u00e9v\u00e9nement - New Roots vegan creamery<\/title>\n<meta name=\"robots\" content=\"index, follow, max-snippet:-1, max-image-preview:large, max-video-preview:-1\" \/>\n<link rel=\"canonical\" href=\"https:\/\/newroots.ch\/fr\/demande-devenement\/\" \/>\n<meta property=\"og:locale\" content=\"fr_FR\" \/>\n<meta property=\"og:type\" content=\"article\" \/>\n<meta property=\"og:title\" content=\"Demande d&#039;\u00e9v\u00e9nement - New Roots vegan creamery\" \/>\n<meta property=\"og:url\" content=\"https:\/\/newroots.ch\/fr\/demande-devenement\/\" \/>\n<meta property=\"og:site_name\" content=\"New Roots vegan creamery\" \/>\n<meta property=\"article:publisher\" content=\"https:\/\/www.facebook.com\/newrootscreamery\" \/>\n<meta property=\"article:modified_time\" content=\"2025-06-19T10:52:06+00:00\" \/>\n<meta name=\"twitter:card\" content=\"summary_large_image\" \/>\n<meta name=\"twitter:label1\" content=\"Dur\u00e9e de lecture estim\u00e9e\" \/>\n\t<meta name=\"twitter:data1\" content=\"1 minute\" \/>\n<script type=\"application\/ld+json\" class=\"yoast-schema-graph\">{\"@context\":\"https:\/\/schema.org\",\"@graph\":[{\"@type\":\"WebPage\",\"@id\":\"https:\/\/newroots.ch\/fr\/demande-devenement\/\",\"url\":\"https:\/\/newroots.ch\/fr\/demande-devenement\/\",\"name\":\"Demande d'\u00e9v\u00e9nement - New Roots vegan creamery\",\"isPartOf\":{\"@id\":\"https:\/\/newroots.ch\/#website\"},\"datePublished\":\"2024-03-28T20:07:38+00:00\",\"dateModified\":\"2025-06-19T10:52:06+00:00\",\"breadcrumb\":{\"@id\":\"https:\/\/newroots.ch\/fr\/demande-devenement\/#breadcrumb\"},\"inLanguage\":\"fr-FR\",\"potentialAction\":[{\"@type\":\"ReadAction\",\"target\":[\"https:\/\/newroots.ch\/fr\/demande-devenement\/\"]}]},{\"@type\":\"BreadcrumbList\",\"@id\":\"https:\/\/newroots.ch\/fr\/demande-devenement\/#breadcrumb\",\"itemListElement\":[{\"@type\":\"ListItem\",\"position\":1,\"name\":\"Accueil\",\"item\":\"https:\/\/newroots.ch\/fr\/\"},{\"@type\":\"ListItem\",\"position\":2,\"name\":\"Demande d&rsquo;\u00e9v\u00e9nement\"}]},{\"@type\":\"WebSite\",\"@id\":\"https:\/\/newroots.ch\/#website\",\"url\":\"https:\/\/newroots.ch\/\",\"name\":\"New Roots vegan creamery\",\"description\":\"\",\"publisher\":{\"@id\":\"https:\/\/newroots.ch\/#organization\"},\"potentialAction\":[{\"@type\":\"SearchAction\",\"target\":{\"@type\":\"EntryPoint\",\"urlTemplate\":\"https:\/\/newroots.ch\/?s={search_term_string}\"},\"query-input\":{\"@type\":\"PropertyValueSpecification\",\"valueRequired\":true,\"valueName\":\"search_term_string\"}}],\"inLanguage\":\"fr-FR\"},{\"@type\":\"Organization\",\"@id\":\"https:\/\/newroots.ch\/#organization\",\"name\":\"New Roots AG vegan creamery\",\"url\":\"https:\/\/newroots.ch\/\",\"logo\":{\"@type\":\"ImageObject\",\"inLanguage\":\"fr-FR\",\"@id\":\"https:\/\/newroots.ch\/#\/schema\/logo\/image\/\",\"url\":\"https:\/\/newroots.ch\/wp-content\/uploads\/2024\/01\/NEW-ROOTS_Logo-basique_RVB_noir.png\",\"contentUrl\":\"https:\/\/newroots.ch\/wp-content\/uploads\/2024\/01\/NEW-ROOTS_Logo-basique_RVB_noir.png\",\"width\":1440,\"height\":759,\"caption\":\"New Roots AG vegan creamery\"},\"image\":{\"@id\":\"https:\/\/newroots.ch\/#\/schema\/logo\/image\/\"},\"sameAs\":[\"https:\/\/www.facebook.com\/newrootscreamery\",\"https:\/\/ch.linkedin.com\/company\/new-roots-ag\",\"https:\/\/www.instagram.com\/new__roots\/\"]}]}<\/script>\n<!-- \/ Yoast SEO plugin. -->","yoast_head_json":{"title":"Demande d'\u00e9v\u00e9nement - New Roots vegan creamery","robots":{"index":"index","follow":"follow","max-snippet":"max-snippet:-1","max-image-preview":"max-image-preview:large","max-video-preview":"max-video-preview:-1"},"canonical":"https:\/\/newroots.ch\/fr\/demande-devenement\/","og_locale":"fr_FR","og_type":"article","og_title":"Demande d'\u00e9v\u00e9nement - New Roots vegan creamery","og_url":"https:\/\/newroots.ch\/fr\/demande-devenement\/","og_site_name":"New Roots vegan creamery","article_publisher":"https:\/\/www.facebook.com\/newrootscreamery","article_modified_time":"2025-06-19T10:52:06+00:00","twitter_card":"summary_large_image","twitter_misc":{"Dur\u00e9e de lecture estim\u00e9e":"1 minute"},"schema":{"@context":"https:\/\/schema.org","@graph":[{"@type":"WebPage","@id":"https:\/\/newroots.ch\/fr\/demande-devenement\/","url":"https:\/\/newroots.ch\/fr\/demande-devenement\/","name":"Demande d'\u00e9v\u00e9nement - New Roots vegan creamery","isPartOf":{"@id":"https:\/\/newroots.ch\/#website"},"datePublished":"2024-03-28T20:07:38+00:00","dateModified":"2025-06-19T10:52:06+00:00","breadcrumb":{"@id":"https:\/\/newroots.ch\/fr\/demande-devenement\/#breadcrumb"},"inLanguage":"fr-FR","potentialAction":[{"@type":"ReadAction","target":["https:\/\/newroots.ch\/fr\/demande-devenement\/"]}]},{"@type":"BreadcrumbList","@id":"https:\/\/newroots.ch\/fr\/demande-devenement\/#breadcrumb","itemListElement":[{"@type":"ListItem","position":1,"name":"Accueil","item":"https:\/\/newroots.ch\/fr\/"},{"@type":"ListItem","position":2,"name":"Demande d&rsquo;\u00e9v\u00e9nement"}]},{"@type":"WebSite","@id":"https:\/\/newroots.ch\/#website","url":"https:\/\/newroots.ch\/","name":"New Roots vegan creamery","description":"","publisher":{"@id":"https:\/\/newroots.ch\/#organization"},"potentialAction":[{"@type":"SearchAction","target":{"@type":"EntryPoint","urlTemplate":"https:\/\/newroots.ch\/?s={search_term_string}"},"query-input":{"@type":"PropertyValueSpecification","valueRequired":true,"valueName":"search_term_string"}}],"inLanguage":"fr-FR"},{"@type":"Organization","@id":"https:\/\/newroots.ch\/#organization","name":"New Roots AG vegan creamery","url":"https:\/\/newroots.ch\/","logo":{"@type":"ImageObject","inLanguage":"fr-FR","@id":"https:\/\/newroots.ch\/#\/schema\/logo\/image\/","url":"https:\/\/newroots.ch\/wp-content\/uploads\/2024\/01\/NEW-ROOTS_Logo-basique_RVB_noir.png","contentUrl":"https:\/\/newroots.ch\/wp-content\/uploads\/2024\/01\/NEW-ROOTS_Logo-basique_RVB_noir.png","width":1440,"height":759,"caption":"New Roots AG vegan creamery"},"image":{"@id":"https:\/\/newroots.ch\/#\/schema\/logo\/image\/"},"sameAs":["https:\/\/www.facebook.com\/newrootscreamery","https:\/\/ch.linkedin.com\/company\/new-roots-ag","https:\/\/www.instagram.com\/new__roots\/"]}]}},"_links":{"self":[{"href":"https:\/\/newroots.ch\/fr\/wp-json\/wp\/v2\/pages\/26023","targetHints":{"allow":["GET"]}}],"collection":[{"href":"https:\/\/newroots.ch\/fr\/wp-json\/wp\/v2\/pages"}],"about":[{"href":"https:\/\/newroots.ch\/fr\/wp-json\/wp\/v2\/types\/page"}],"author":[{"embeddable":true,"href":"https:\/\/newroots.ch\/fr\/wp-json\/wp\/v2\/users\/7"}],"replies":[{"embeddable":true,"href":"https:\/\/newroots.ch\/fr\/wp-json\/wp\/v2\/comments?post=26023"}],"version-history":[{"count":9,"href":"https:\/\/newroots.ch\/fr\/wp-json\/wp\/v2\/pages\/26023\/revisions"}],"predecessor-version":[{"id":96786,"href":"https:\/\/newroots.ch\/fr\/wp-json\/wp\/v2\/pages\/26023\/revisions\/96786"}],"wp:attachment":[{"href":"https:\/\/newroots.ch\/fr\/wp-json\/wp\/v2\/media?parent=26023"}],"curies":[{"name":"wp","href":"https:\/\/api.w.org\/{rel}","templated":true}]}}