{"id":15097,"date":"2022-03-09T10:13:40","date_gmt":"2022-03-09T09:13:40","guid":{"rendered":"https:\/\/newroots.ch\/?page_id=15097"},"modified":"2024-01-18T22:13:42","modified_gmt":"2024-01-18T21:13:42","slug":"politique-de-confidentialite","status":"publish","type":"page","link":"https:\/\/newroots.ch\/fr\/politique-de-confidentialite\/","title":{"rendered":"Politique de confidentialit\u00e9"},"content":{"rendered":"<h1>Site \u201cNew Roots\u201d<\/h1>\n<p>&nbsp;<\/p>\n<p>&nbsp;<\/p>\n<p>Derni\u00e8re mise \u00e0 jour : 18\/01\/2024<\/p>\n<p>&nbsp;<\/p>\n<p>La pr\u00e9sente politique de confidentialit\u00e9 des donn\u00e9es fait partie int\u00e9grante des conditions g\u00e9n\u00e9rales d&rsquo;utilisation du site. Les termes d\u00e9finis aux conditions g\u00e9n\u00e9rales d\u2019utilisation ont le m\u00eame sens ici.<\/p>\n<p>&nbsp;<\/p>\n<p>&nbsp;<\/p>\n<h2>1. Pr\u00e9ambule<\/h2>\n<p>&nbsp;<\/p>\n<p>Dans le cadre de ses rapports avec les utilisateurs, New roots, en qualit\u00e9 de responsable de traitement et ma\u00eetre du fichier, peut \u00eatre amen\u00e9 \u00e0 traiter les donn\u00e9es \u00e0 caract\u00e8re personnel suivantes relatives \u00e0 l\u2019identit\u00e9 d\u2019un utilisateur, \u00e0 savoir : nom(s) et pr\u00e9nom(s), adresse email de contact, ainsi que des donn\u00e9es de navigations sur le site par le biais de cookies.<\/p>\n<p>Dans le cadre de la prise de contact via notre formulaire de contact, l\u2019utilisateur est inform\u00e9 que les donn\u00e9es sur le formulaire (nom(s) et pr\u00e9nom(s), adresse email) sont obligatoires.<\/p>\n<p>&nbsp;<\/p>\n<p>&nbsp;<\/p>\n<h2>2. Finalit\u00e9s des traitements<\/h2>\n<p>&nbsp;<\/p>\n<p>Le traitement de ces donn\u00e9es est r\u00e9alis\u00e9 pour les besoins de New roots en vue de :<\/p>\n<p>&#8211; La gestion administrative et commerciale des services, en ce compris, la communication de la lettre d\u2019information (newsletter), communication d\u2019informations relatives \u00e0 New roots et ses produits, communication sur les partenaires de New roots, de nature commerciale ou non commerciale ;<br \/>\n&#8211; Le suivi qualit\u00e9 et l\u2019am\u00e9lioration continue du site, en ce compris le suivi des usages sur le site.<\/p>\n<p>&nbsp;<\/p>\n<p>&nbsp;<\/p>\n<h2>3. Base l\u00e9gale des traitements<\/h2>\n<p>&nbsp;<\/p>\n<p>Les traitements mis en \u0153uvre par New roots en tant que responsable de traitement et ma\u00eetre du fichier sont effectu\u00e9s sur la base l\u00e9gale :<\/p>\n<p>&#8211; de son int\u00e9r\u00eat l\u00e9gitime ;<br \/>\n&#8211; du consentement de l\u2019utilisateur lorsque celui-ci est requis (prospection commerciale, cookies non exempt\u00e9s).<\/p>\n<p>&nbsp;<\/p>\n<p>&nbsp;<\/p>\n<h2>4. Destinataires<\/h2>\n<p>&nbsp;<\/p>\n<p>Les destinataires de ces donn\u00e9es sont New roots en tant que responsable de traitement et ma\u00eetre du fichier, son personnel habilit\u00e9 et ses \u00e9ventuels sous-traitants et ses partenaires.<\/p>\n<p>&nbsp;<\/p>\n<p>&nbsp;<\/p>\n<h2>5. Sous-traitants de New Roots<\/h2>\n<p>&nbsp;<\/p>\n<p>New roots fait appel \u00e0 des prestataires techniques auxquels il sous-traite les activit\u00e9s suivantes susceptibles de les rendre destinataires de donn\u00e9es \u00e0 caract\u00e8re personnelles d\u2019utilisateurs concernant les services d\u2019h\u00e9bergement des donn\u00e9es :<\/p>\n<p>&#8211; \u00c9tats-Unis : soci\u00e9t\u00e9 Goddady, 2155 E. GoDaddy Way, Tempe, AZ 85284 USA<br \/>\n&#8211; Union europ\u00e9enne (EEE) : soci\u00e9t\u00e9 Goddady, Hansestra\u00dfe 79, 51149 Cologne, Germany<br \/>\n&#8211; Suisse: Metanet, Josefstrasse 218, 8005 Zurich, Suisse<\/p>\n<p>L\u2019ensemble des sous-traitants de New roots h\u00e9bergeant leurs donn\u00e9es en Suisse o\u00f9 en Union Europ\u00e9enne.<\/p>\n<p>&nbsp;<\/p>\n<p>&nbsp;<\/p>\n<h2>6. Transferts de donn\u00e9es<\/h2>\n<p>&nbsp;<\/p>\n<p>Un transfert de donn\u00e9es hors UE est susceptible d\u2019intervenir aupr\u00e8s des sous-traitants susvis\u00e9s, notamment \u00e0 des fins de maintenance \u00e0 distance du site.<\/p>\n<p>New roots s\u2019est assur\u00e9 que ces destinataires sont soumis aux clauses contractuelles types de l\u2019Union europ\u00e9enne et\/o\u00f9 mettent en \u0153uvre les mesures destin\u00e9es \u00e0 garantir que le traitement est licite.<\/p>\n<p>&nbsp;<\/p>\n<p>&nbsp;<\/p>\n<h2>7. Conservation<\/h2>\n<p>&nbsp;<\/p>\n<p>Les donn\u00e9es seront conserv\u00e9es pendant une dur\u00e9e de 3 ans maximum \u00e0 compter de la derni\u00e8re prise de contact, concernant les donn\u00e9es de contact, et pendant une dur\u00e9e allant de 6 \u00e0 13 mois concernant les cookies.<\/p>\n<p>&nbsp;<\/p>\n<p>&nbsp;<\/p>\n<h2>8. Exercice des droits<\/h2>\n<p>&nbsp;<\/p>\n<p>Toute personne concern\u00e9e par le traitement dispose d\u2019un droit d\u2019interrogation, d\u2019acc\u00e8s, de rectification, d\u2019effacement des donn\u00e9es, d\u2019un droit \u00e0 la limitation du traitement ainsi que d\u2019un droit d\u2019opposition pour motif l\u00e9gitime.<\/p>\n<p>L\u2019exercice des droits s\u2019effectue par courrier \u00e9lectronique \u00e0 l\u2019adresse email suivante : info@newroots.ch.<\/p>\n<p>La photocopie d\u2019un titre d\u2019identit\u00e9 sign\u00e9 et des informations compl\u00e9mentaires pourront \u00eatre exig\u00e9es en cas de doute sur l\u2019identit\u00e9 de l\u2019utilisateur.<\/p>\n<p>Enfin, l\u2019utilisateur a le droit d\u2019introduire une r\u00e9clamation aupr\u00e8s d\u2019une autorit\u00e9 de contr\u00f4le et notamment du Pr\u00e9pos\u00e9 F\u00e9d\u00e9ral \u00e0 la Protection des Donn\u00e9es et \u00e0 la Transparence.<\/p>\n<p>&nbsp;<\/p>\n<p>&nbsp;<\/p>\n<h2>9. Cookies<\/h2>\n<p>&nbsp;<\/p>\n<p>L\u2019utilisateur est inform\u00e9 que, lors de l\u2019acc\u00e8s au site New roots, un ou plusieurs cookies peuvent s\u2019installer automatiquement sur son terminal.<\/p>\n<p>Le cookie constitue un bloc de donn\u00e9es qui sert \u00e0 enregistrer des informations relatives \u00e0 la navigation de l\u2019utilisateur sur un site web ou une application.<\/p>\n<p>New roots n\u2019utilise des cookies qu\u2019\u00e0 des fins de suivi statistique des visites du site (mesures d\u2019audience).<\/p>\n<p>Le cookie permet de reconna\u00eetre l\u2019utilisateur lorsqu\u2019il se connecte sur le site ainsi que de personnaliser les informations qui lui sont d\u00e9livr\u00e9es.<\/p>\n<p>Le param\u00e9trage du site permet d\u2019informer de la pr\u00e9sence d\u2019un ou plusieurs cookies et \u00e9ventuellement, de les refuser.<\/p>\n<p>L\u2019utilisateur peut, s\u2019il le souhaite, activer ou d\u00e9sactiver l\u2019utilisation de cookies en s\u00e9lectionnant les param\u00e8tres appropri\u00e9s de son logiciel de navigation.<\/p>\n<p>&nbsp;<\/p>\n<p>&nbsp;<\/p>\n<h2>10. <b>Mentions d\u2019information du formulaire de contact<\/b><\/h2>\n<p>&nbsp;<\/p>\n<p>New Roots AG, Soci\u00e9t\u00e9 anonyme immatricul\u00e9e en Suisse sous le num\u00e9ro CHE-424.852.289, situ\u00e9e \u00e0 Burgdorfstrasse 36, 3672 Oberdiessbach, en Suisse\u00a0 met en \u0153uvre un traitement de donn\u00e9es \u00e0 caract\u00e8re personnel vous concernant pour vous permettre de nous contacter et de recevoir des informations concernant nos produits et service et ceux de nos partenaires. Les donn\u00e9es collect\u00e9es sont vos nom, pr\u00e9nom, adresse \u00e9lectronique, ainsi que les autres donn\u00e9es que vous partagez volontairement avec nous via le formulaire de contact.<\/p>\n<p>La base l\u00e9gale du traitement sous notre responsabilit\u00e9 est notre int\u00e9r\u00eat l\u00e9gitime \u00e0 pouvoir assurer la gestion administrative du site et \u00e0 pouvoir vous contacter ainsi que votre consentement libre et \u00e9clair\u00e9, que vous pouvez retirer \u00e0 tout moment concernant l\u2019inscription \u00e0 notre newsletter et la fourniture d\u2019information concernant nos produits.<\/p>\n<p>Les donn\u00e9es sont conserv\u00e9es pendant une dur\u00e9e de 3 ans \u00e0 compter de notre dernier contact. Vous disposez de droits personnels, droits d&rsquo;acc\u00e8s, de rectification et d\u2019effacement des donn\u00e9es, le droit de limitation ou d\u2019opposition au traitement, le droit de retirer votre consentement \u00e0 tout moment, sans porter atteinte \u00e0 la lic\u00e9it\u00e9 ant\u00e9rieure du traitement et le droit d\u2019introduire une r\u00e9clamation aupr\u00e8s d\u2019une autorit\u00e9 de contr\u00f4le que vous pouvez exercer par courriel en adressant votre demande \u00e0 l\u2019adresse \u00e9lectronique suivante : \u00a0<b>\u00a0<\/b><b>info@newroots.ch<\/b>.<\/p>\n<p>&nbsp;<\/p>\n<p>&nbsp;<\/p>\n<h2>11. <b>Mentions d\u2019information du Google Analytics<\/b><\/h2>\n<p>&nbsp;<\/p>\n<p>Nous utilisons Google Analytics, un service d&rsquo;analyse Web fourni par Google Inc. (1600 Amphitheatre Parkway, Mountain View, CA 94043, USA ; \u00ab Google \u00bb). Google Analytics utilise des cookies qui sont stock\u00e9s sur votre ordinateur et permettent d&rsquo;analyser votre utilisation du site Internet. Les informations g\u00e9n\u00e9r\u00e9es par les cookies concernant votre utilisation de ce site Internet sont g\u00e9n\u00e9ralement transmises \u00e0 un serveur de Google aux \u00c9tats-Unis et y sont stock\u00e9es.<\/p>\n<p>&nbsp;<\/p>\n<p>Nous avons activ\u00e9 l&rsquo;anonymisation IP sur ce site Web. En cons\u00e9quence, votre adresse IP sera pr\u00e9alablement raccourcie par Google dans les \u00c9tats membres de l&rsquo;Union europ\u00e9enne ou dans d&rsquo;autres \u00c9tats signataires de l&rsquo;accord sur l&rsquo;Espace \u00e9conomique europ\u00e9en. Ce n&rsquo;est que dans des cas exceptionnels que l&rsquo;adresse IP compl\u00e8te sera transmise \u00e0 un serveur de Google aux \u00c9tats-Unis et y sera raccourcie. Au nom de l&rsquo;exploitant de ce site Web, Google utilisera ces informations pour \u00e9valuer votre utilisation du site Web, pour compiler des rapports sur l&rsquo;activit\u00e9 du site Web et pour fournir d&rsquo;autres services li\u00e9s \u00e0 l&rsquo;activit\u00e9 du site Web et \u00e0 l&rsquo;utilisation d&rsquo;Internet \u00e0 l&rsquo;exploitant du site Web.<\/p>\n<p>&nbsp;<\/p>\n<p>L&rsquo;adresse IP transmise par votre navigateur dans le cadre de Google Analytics n&rsquo;est pas combin\u00e9e avec d&rsquo;autres donn\u00e9es de Google.<\/p>\n<p>&nbsp;<\/p>\n<p>Vous pouvez emp\u00eacher le stockage de cookies en configurant votre logiciel de navigation en cons\u00e9quence ; Nous attirons toutefois votre attention sur le fait que dans ce cas, vous ne pourrez peut-\u00eatre pas utiliser pleinement toutes les fonctions de ce site Internet. Vous pouvez \u00e9galement emp\u00eacher Google de collecter les donn\u00e9es g\u00e9n\u00e9r\u00e9es par le cookie et relatives \u00e0 votre utilisation du site Internet (y compris votre adresse IP) et de traiter ces donn\u00e9es par Google en t\u00e9l\u00e9chargeant le plug-in de navigateur disponible sous le lien suivant et en l&rsquo;installant : <a href=\"https:\/\/tools.google.com\/dlpage\/gaoptout\">[Lien vers le plugin du navigateur]<\/a>.<\/p>\n<p>&nbsp;<\/p>\n<p>De plus amples informations sur Google Analytics peuvent \u00eatre trouv\u00e9es dans la politique de confidentialit\u00e9 de Google :<a href=\"https:\/\/policies.google.com\/privacy?hl=fr\"> [Lien vers la politique de confidentialit\u00e9 de Google]<\/a>.<\/p>\n<p>&nbsp;<\/p>\n<p>&nbsp;<\/p>\n<h2>12. <b>Mentions d\u2019information du Piwik<\/b><\/h2>\n<p>&nbsp;<\/p>\n<p>Nous utilisons Piwik, un service d&rsquo;analyse Web d&rsquo;InnoCraft Ltd. (150 Willis St, 6011 Wellington, Nouvelle-Z\u00e9lande ; \u00ab InnoCraft \u00bb). Piwik utilise des cookies qui sont stock\u00e9s sur votre ordinateur et permettent d&rsquo;analyser votre utilisation du site Internet. Les informations g\u00e9n\u00e9r\u00e9es par les cookies concernant votre utilisation de ce site Web sont g\u00e9n\u00e9ralement transf\u00e9r\u00e9es \u00e0 un serveur InnoCraft aux \u00c9tats-Unis et y sont stock\u00e9es.<\/p>\n<p>&nbsp;<\/p>\n<p>Nous avons activ\u00e9 l&rsquo;anonymisation IP sur ce site Web. Cela signifie que votre adresse IP sera pr\u00e9alablement raccourcie par Piwik dans les \u00c9tats membres de l&rsquo;Union europ\u00e9enne ou dans d&rsquo;autres \u00c9tats signataires de l&rsquo;accord sur l&rsquo;Espace \u00e9conomique europ\u00e9en. Ce n&rsquo;est que dans des cas exceptionnels que l&rsquo;adresse IP compl\u00e8te sera transmise \u00e0 un serveur InnoCraft aux \u00c9tats-Unis et y sera raccourcie. Au nom de l&rsquo;op\u00e9rateur de ce site Web, Piwik utilisera ces informations pour \u00e9valuer votre utilisation du site Web, pour compiler des rapports sur l&rsquo;activit\u00e9 du site Web et pour fournir d&rsquo;autres services li\u00e9s \u00e0 l&rsquo;activit\u00e9 du site Web et \u00e0 l&rsquo;utilisation d&rsquo;Internet \u00e0 l&rsquo;op\u00e9rateur du site Web.<\/p>\n<p>&nbsp;<\/p>\n<p>L&rsquo;adresse IP transmise par votre navigateur dans le cadre de Piwik ne sera pas fusionn\u00e9e avec d&rsquo;autres donn\u00e9es InnoCraft.<\/p>\n<p>&nbsp;<\/p>\n<p>Vous pouvez emp\u00eacher le stockage de cookies en configurant votre logiciel de navigation en cons\u00e9quence ; Nous attirons toutefois votre attention sur le fait que dans ce cas, vous ne pourrez peut-\u00eatre pas utiliser pleinement toutes les fonctions de ce site Internet. Vous pouvez \u00e9galement emp\u00eacher Piwik de collecter les donn\u00e9es g\u00e9n\u00e9r\u00e9es par le cookie et relatives \u00e0 votre utilisation du site Internet (y compris votre adresse IP) et de traiter ces donn\u00e9es par Piwik en t\u00e9l\u00e9chargeant le plug-in de navigateur disponible sous le lien suivant et en l&rsquo;installant : <a href=\"https:\/\/piwik.org\/docs\/privacy\/opt-out\/\">[Lien vers le plugin du navigateur]<\/a>.<\/p>\n<p>&nbsp;<\/p>\n<p>De plus amples informations sur la protection des donn\u00e9es chez Piwik peuvent \u00eatre trouv\u00e9es sous\u00a0: <a href=\"https:\/\/piwik.org\/privacy\/\">[Lien vers la d\u00e9claration de protection des donn\u00e9es de Piwik]<\/a>.<\/p>\n","protected":false},"excerpt":{"rendered":"<p>Site \u201cNew Roots\u201d &nbsp; &nbsp; Derni\u00e8re mise \u00e0 jour : 18\/01\/2024 &nbsp; La pr\u00e9sente politique de confidentialit\u00e9 des donn\u00e9es fait partie int\u00e9grante des conditions g\u00e9n\u00e9rales d&rsquo;utilisation du site. Les termes d\u00e9finis aux conditions g\u00e9n\u00e9rales d\u2019utilisation ont le m\u00eame sens ici. &nbsp; &nbsp; 1. Pr\u00e9ambule &nbsp; Dans le cadre de ses rapports avec les utilisateurs, New [&hellip;]<\/p>\n","protected":false},"author":8,"featured_media":0,"parent":0,"menu_order":19,"comment_status":"closed","ping_status":"closed","template":"","meta":{"_acf_changed":false,"footnotes":""},"class_list":["post-15097","page","type-page","status-publish","hentry"],"acf":[],"yoast_head":"<!-- This site is optimized with the Yoast SEO plugin v27.2 - https:\/\/yoast.com\/product\/yoast-seo-wordpress\/ -->\n<title>Politique de confidentialit\u00e9 - New Roots vegan creamery<\/title>\n<meta name=\"description\" content=\"La pr\u00e9sente politique de confidentialit\u00e9 des donn\u00e9es fait partie int\u00e9grante des conditions g\u00e9n\u00e9rales d&#039;utilisation du site. Les termes d\u00e9finis aux conditions g\u00e9n\u00e9rales d\u2019utilisation ont le m\u00eame sens ici.\" \/>\n<meta name=\"robots\" content=\"index, follow, max-snippet:-1, max-image-preview:large, max-video-preview:-1\" \/>\n<link rel=\"canonical\" href=\"https:\/\/newroots.ch\/fr\/politique-de-confidentialite\/\" \/>\n<meta property=\"og:locale\" content=\"fr_FR\" \/>\n<meta property=\"og:type\" content=\"article\" \/>\n<meta property=\"og:title\" content=\"Politique de confidentialit\u00e9 - New Roots vegan creamery\" \/>\n<meta property=\"og:description\" content=\"La pr\u00e9sente politique de confidentialit\u00e9 des donn\u00e9es fait partie int\u00e9grante des conditions g\u00e9n\u00e9rales d&#039;utilisation du site. Les termes d\u00e9finis aux conditions g\u00e9n\u00e9rales d\u2019utilisation ont le m\u00eame sens ici.\" \/>\n<meta property=\"og:url\" content=\"https:\/\/newroots.ch\/fr\/politique-de-confidentialite\/\" \/>\n<meta property=\"og:site_name\" content=\"New Roots vegan creamery\" \/>\n<meta property=\"article:publisher\" content=\"https:\/\/www.facebook.com\/newrootscreamery\" \/>\n<meta property=\"article:modified_time\" content=\"2024-01-18T21:13:42+00:00\" \/>\n<meta name=\"twitter:card\" content=\"summary_large_image\" \/>\n<meta name=\"twitter:label1\" content=\"Dur\u00e9e de lecture estim\u00e9e\" \/>\n\t<meta name=\"twitter:data1\" content=\"9 minutes\" \/>\n<script type=\"application\/ld+json\" class=\"yoast-schema-graph\">{\"@context\":\"https:\/\/schema.org\",\"@graph\":[{\"@type\":\"WebPage\",\"@id\":\"https:\/\/newroots.ch\/fr\/politique-de-confidentialite\/\",\"url\":\"https:\/\/newroots.ch\/fr\/politique-de-confidentialite\/\",\"name\":\"Politique de confidentialit\u00e9 - New Roots vegan creamery\",\"isPartOf\":{\"@id\":\"https:\/\/newroots.ch\/#website\"},\"datePublished\":\"2022-03-09T09:13:40+00:00\",\"dateModified\":\"2024-01-18T21:13:42+00:00\",\"description\":\"La pr\u00e9sente politique de confidentialit\u00e9 des donn\u00e9es fait partie int\u00e9grante des conditions g\u00e9n\u00e9rales d'utilisation du site. Les termes d\u00e9finis aux conditions g\u00e9n\u00e9rales d\u2019utilisation ont le m\u00eame sens ici.\",\"breadcrumb\":{\"@id\":\"https:\/\/newroots.ch\/fr\/politique-de-confidentialite\/#breadcrumb\"},\"inLanguage\":\"fr-FR\",\"potentialAction\":[{\"@type\":\"ReadAction\",\"target\":[\"https:\/\/newroots.ch\/fr\/politique-de-confidentialite\/\"]}]},{\"@type\":\"BreadcrumbList\",\"@id\":\"https:\/\/newroots.ch\/fr\/politique-de-confidentialite\/#breadcrumb\",\"itemListElement\":[{\"@type\":\"ListItem\",\"position\":1,\"name\":\"Accueil\",\"item\":\"https:\/\/newroots.ch\/fr\/\"},{\"@type\":\"ListItem\",\"position\":2,\"name\":\"Politique de confidentialit\u00e9\"}]},{\"@type\":\"WebSite\",\"@id\":\"https:\/\/newroots.ch\/#website\",\"url\":\"https:\/\/newroots.ch\/\",\"name\":\"New Roots vegan creamery\",\"description\":\"\",\"publisher\":{\"@id\":\"https:\/\/newroots.ch\/#organization\"},\"potentialAction\":[{\"@type\":\"SearchAction\",\"target\":{\"@type\":\"EntryPoint\",\"urlTemplate\":\"https:\/\/newroots.ch\/?s={search_term_string}\"},\"query-input\":{\"@type\":\"PropertyValueSpecification\",\"valueRequired\":true,\"valueName\":\"search_term_string\"}}],\"inLanguage\":\"fr-FR\"},{\"@type\":\"Organization\",\"@id\":\"https:\/\/newroots.ch\/#organization\",\"name\":\"New Roots AG vegan creamery\",\"url\":\"https:\/\/newroots.ch\/\",\"logo\":{\"@type\":\"ImageObject\",\"inLanguage\":\"fr-FR\",\"@id\":\"https:\/\/newroots.ch\/#\/schema\/logo\/image\/\",\"url\":\"https:\/\/newroots.ch\/wp-content\/uploads\/2024\/01\/NEW-ROOTS_Logo-basique_RVB_noir.png\",\"contentUrl\":\"https:\/\/newroots.ch\/wp-content\/uploads\/2024\/01\/NEW-ROOTS_Logo-basique_RVB_noir.png\",\"width\":1440,\"height\":759,\"caption\":\"New Roots AG vegan creamery\"},\"image\":{\"@id\":\"https:\/\/newroots.ch\/#\/schema\/logo\/image\/\"},\"sameAs\":[\"https:\/\/www.facebook.com\/newrootscreamery\",\"https:\/\/ch.linkedin.com\/company\/new-roots-ag\",\"https:\/\/www.instagram.com\/new__roots\/\"]}]}<\/script>\n<!-- \/ Yoast SEO plugin. -->","yoast_head_json":{"title":"Politique de confidentialit\u00e9 - New Roots vegan creamery","description":"La pr\u00e9sente politique de confidentialit\u00e9 des donn\u00e9es fait partie int\u00e9grante des conditions g\u00e9n\u00e9rales d'utilisation du site. Les termes d\u00e9finis aux conditions g\u00e9n\u00e9rales d\u2019utilisation ont le m\u00eame sens ici.","robots":{"index":"index","follow":"follow","max-snippet":"max-snippet:-1","max-image-preview":"max-image-preview:large","max-video-preview":"max-video-preview:-1"},"canonical":"https:\/\/newroots.ch\/fr\/politique-de-confidentialite\/","og_locale":"fr_FR","og_type":"article","og_title":"Politique de confidentialit\u00e9 - New Roots vegan creamery","og_description":"La pr\u00e9sente politique de confidentialit\u00e9 des donn\u00e9es fait partie int\u00e9grante des conditions g\u00e9n\u00e9rales d'utilisation du site. Les termes d\u00e9finis aux conditions g\u00e9n\u00e9rales d\u2019utilisation ont le m\u00eame sens ici.","og_url":"https:\/\/newroots.ch\/fr\/politique-de-confidentialite\/","og_site_name":"New Roots vegan creamery","article_publisher":"https:\/\/www.facebook.com\/newrootscreamery","article_modified_time":"2024-01-18T21:13:42+00:00","twitter_card":"summary_large_image","twitter_misc":{"Dur\u00e9e de lecture estim\u00e9e":"9 minutes"},"schema":{"@context":"https:\/\/schema.org","@graph":[{"@type":"WebPage","@id":"https:\/\/newroots.ch\/fr\/politique-de-confidentialite\/","url":"https:\/\/newroots.ch\/fr\/politique-de-confidentialite\/","name":"Politique de confidentialit\u00e9 - New Roots vegan creamery","isPartOf":{"@id":"https:\/\/newroots.ch\/#website"},"datePublished":"2022-03-09T09:13:40+00:00","dateModified":"2024-01-18T21:13:42+00:00","description":"La pr\u00e9sente politique de confidentialit\u00e9 des donn\u00e9es fait partie int\u00e9grante des conditions g\u00e9n\u00e9rales d'utilisation du site. Les termes d\u00e9finis aux conditions g\u00e9n\u00e9rales d\u2019utilisation ont le m\u00eame sens ici.","breadcrumb":{"@id":"https:\/\/newroots.ch\/fr\/politique-de-confidentialite\/#breadcrumb"},"inLanguage":"fr-FR","potentialAction":[{"@type":"ReadAction","target":["https:\/\/newroots.ch\/fr\/politique-de-confidentialite\/"]}]},{"@type":"BreadcrumbList","@id":"https:\/\/newroots.ch\/fr\/politique-de-confidentialite\/#breadcrumb","itemListElement":[{"@type":"ListItem","position":1,"name":"Accueil","item":"https:\/\/newroots.ch\/fr\/"},{"@type":"ListItem","position":2,"name":"Politique de confidentialit\u00e9"}]},{"@type":"WebSite","@id":"https:\/\/newroots.ch\/#website","url":"https:\/\/newroots.ch\/","name":"New Roots vegan creamery","description":"","publisher":{"@id":"https:\/\/newroots.ch\/#organization"},"potentialAction":[{"@type":"SearchAction","target":{"@type":"EntryPoint","urlTemplate":"https:\/\/newroots.ch\/?s={search_term_string}"},"query-input":{"@type":"PropertyValueSpecification","valueRequired":true,"valueName":"search_term_string"}}],"inLanguage":"fr-FR"},{"@type":"Organization","@id":"https:\/\/newroots.ch\/#organization","name":"New Roots AG vegan creamery","url":"https:\/\/newroots.ch\/","logo":{"@type":"ImageObject","inLanguage":"fr-FR","@id":"https:\/\/newroots.ch\/#\/schema\/logo\/image\/","url":"https:\/\/newroots.ch\/wp-content\/uploads\/2024\/01\/NEW-ROOTS_Logo-basique_RVB_noir.png","contentUrl":"https:\/\/newroots.ch\/wp-content\/uploads\/2024\/01\/NEW-ROOTS_Logo-basique_RVB_noir.png","width":1440,"height":759,"caption":"New Roots AG vegan creamery"},"image":{"@id":"https:\/\/newroots.ch\/#\/schema\/logo\/image\/"},"sameAs":["https:\/\/www.facebook.com\/newrootscreamery","https:\/\/ch.linkedin.com\/company\/new-roots-ag","https:\/\/www.instagram.com\/new__roots\/"]}]}},"_links":{"self":[{"href":"https:\/\/newroots.ch\/fr\/wp-json\/wp\/v2\/pages\/15097","targetHints":{"allow":["GET"]}}],"collection":[{"href":"https:\/\/newroots.ch\/fr\/wp-json\/wp\/v2\/pages"}],"about":[{"href":"https:\/\/newroots.ch\/fr\/wp-json\/wp\/v2\/types\/page"}],"author":[{"embeddable":true,"href":"https:\/\/newroots.ch\/fr\/wp-json\/wp\/v2\/users\/8"}],"replies":[{"embeddable":true,"href":"https:\/\/newroots.ch\/fr\/wp-json\/wp\/v2\/comments?post=15097"}],"version-history":[{"count":3,"href":"https:\/\/newroots.ch\/fr\/wp-json\/wp\/v2\/pages\/15097\/revisions"}],"predecessor-version":[{"id":15101,"href":"https:\/\/newroots.ch\/fr\/wp-json\/wp\/v2\/pages\/15097\/revisions\/15101"}],"wp:attachment":[{"href":"https:\/\/newroots.ch\/fr\/wp-json\/wp\/v2\/media?parent=15097"}],"curies":[{"name":"wp","href":"https:\/\/api.w.org\/{rel}","templated":true}]}}