{"id":14,"date":"2021-12-29T15:37:33","date_gmt":"2021-12-29T14:37:33","guid":{"rendered":"https:\/\/newroots.ch.olaf.ch-meta.net\/?page_id=14"},"modified":"2025-12-12T12:00:16","modified_gmt":"2025-12-12T11:00:16","slug":"a-propos","status":"publish","type":"page","link":"https:\/\/newroots.ch\/fr\/a-propos\/","title":{"rendered":"\u00c0 propos"},"content":{"rendered":"","protected":false},"excerpt":{"rendered":"","protected":false},"author":7,"featured_media":0,"parent":0,"menu_order":10,"comment_status":"closed","ping_status":"closed","template":"templates\/missions.php","meta":{"_acf_changed":false,"footnotes":""},"class_list":["post-14","page","type-page","status-publish","hentry"],"acf":[],"yoast_head":"<!-- This site is optimized with the Yoast SEO plugin v27.2 - https:\/\/yoast.com\/product\/yoast-seo-wordpress\/ -->\n<title>Nos missions - New Roots vegan creamery<\/title>\n<meta name=\"description\" content=\"New Roots est une cr\u00e9merie v\u00e9g\u00e9talienne qui fait des alternatives vegan aux fromages. Un vrai substitut au fromage sans additif, ni lactose !\" \/>\n<meta name=\"robots\" content=\"index, follow, max-snippet:-1, max-image-preview:large, max-video-preview:-1\" \/>\n<link rel=\"canonical\" href=\"https:\/\/newroots.ch\/fr\/a-propos\/\" \/>\n<meta property=\"og:locale\" content=\"fr_FR\" \/>\n<meta property=\"og:type\" content=\"article\" \/>\n<meta property=\"og:title\" content=\"Nos missions - New Roots vegan creamery\" \/>\n<meta property=\"og:description\" content=\"New Roots est une cr\u00e9merie v\u00e9g\u00e9talienne qui fait des alternatives vegan aux fromages. Un vrai substitut au fromage sans additif, ni lactose !\" \/>\n<meta property=\"og:url\" content=\"https:\/\/newroots.ch\/fr\/a-propos\/\" \/>\n<meta property=\"og:site_name\" content=\"New Roots vegan creamery\" \/>\n<meta property=\"article:publisher\" content=\"https:\/\/www.facebook.com\/newrootscreamery\" \/>\n<meta property=\"article:modified_time\" content=\"2025-12-12T11:00:16+00:00\" \/>\n<meta name=\"twitter:card\" content=\"summary_large_image\" \/>\n<script type=\"application\/ld+json\" class=\"yoast-schema-graph\">{\"@context\":\"https:\/\/schema.org\",\"@graph\":[{\"@type\":\"WebPage\",\"@id\":\"https:\/\/newroots.ch\/fr\/a-propos\/\",\"url\":\"https:\/\/newroots.ch\/fr\/a-propos\/\",\"name\":\"Nos missions - New Roots vegan creamery\",\"isPartOf\":{\"@id\":\"https:\/\/newroots.ch\/#website\"},\"datePublished\":\"2021-12-29T14:37:33+00:00\",\"dateModified\":\"2025-12-12T11:00:16+00:00\",\"description\":\"New Roots est une cr\u00e9merie v\u00e9g\u00e9talienne qui fait des alternatives vegan aux fromages. Un vrai substitut au fromage sans additif, ni lactose !\",\"breadcrumb\":{\"@id\":\"https:\/\/newroots.ch\/fr\/a-propos\/#breadcrumb\"},\"inLanguage\":\"fr-FR\",\"potentialAction\":[{\"@type\":\"ReadAction\",\"target\":[\"https:\/\/newroots.ch\/fr\/a-propos\/\"]}]},{\"@type\":\"BreadcrumbList\",\"@id\":\"https:\/\/newroots.ch\/fr\/a-propos\/#breadcrumb\",\"itemListElement\":[{\"@type\":\"ListItem\",\"position\":1,\"name\":\"Accueil\",\"item\":\"https:\/\/newroots.ch\/fr\/\"},{\"@type\":\"ListItem\",\"position\":2,\"name\":\"\u00c0 propos\"}]},{\"@type\":\"WebSite\",\"@id\":\"https:\/\/newroots.ch\/#website\",\"url\":\"https:\/\/newroots.ch\/\",\"name\":\"New Roots vegan creamery\",\"description\":\"\",\"publisher\":{\"@id\":\"https:\/\/newroots.ch\/#organization\"},\"potentialAction\":[{\"@type\":\"SearchAction\",\"target\":{\"@type\":\"EntryPoint\",\"urlTemplate\":\"https:\/\/newroots.ch\/?s={search_term_string}\"},\"query-input\":{\"@type\":\"PropertyValueSpecification\",\"valueRequired\":true,\"valueName\":\"search_term_string\"}}],\"inLanguage\":\"fr-FR\"},{\"@type\":\"Organization\",\"@id\":\"https:\/\/newroots.ch\/#organization\",\"name\":\"New Roots AG vegan creamery\",\"url\":\"https:\/\/newroots.ch\/\",\"logo\":{\"@type\":\"ImageObject\",\"inLanguage\":\"fr-FR\",\"@id\":\"https:\/\/newroots.ch\/#\/schema\/logo\/image\/\",\"url\":\"https:\/\/newroots.ch\/wp-content\/uploads\/2024\/01\/NEW-ROOTS_Logo-basique_RVB_noir.png\",\"contentUrl\":\"https:\/\/newroots.ch\/wp-content\/uploads\/2024\/01\/NEW-ROOTS_Logo-basique_RVB_noir.png\",\"width\":1440,\"height\":759,\"caption\":\"New Roots AG vegan creamery\"},\"image\":{\"@id\":\"https:\/\/newroots.ch\/#\/schema\/logo\/image\/\"},\"sameAs\":[\"https:\/\/www.facebook.com\/newrootscreamery\",\"https:\/\/ch.linkedin.com\/company\/new-roots-ag\",\"https:\/\/www.instagram.com\/new__roots\/\"]}]}<\/script>\n<!-- \/ Yoast SEO plugin. -->","yoast_head_json":{"title":"Nos missions - New Roots vegan creamery","description":"New Roots est une cr\u00e9merie v\u00e9g\u00e9talienne qui fait des alternatives vegan aux fromages. Un vrai substitut au fromage sans additif, ni lactose !","robots":{"index":"index","follow":"follow","max-snippet":"max-snippet:-1","max-image-preview":"max-image-preview:large","max-video-preview":"max-video-preview:-1"},"canonical":"https:\/\/newroots.ch\/fr\/a-propos\/","og_locale":"fr_FR","og_type":"article","og_title":"Nos missions - New Roots vegan creamery","og_description":"New Roots est une cr\u00e9merie v\u00e9g\u00e9talienne qui fait des alternatives vegan aux fromages. Un vrai substitut au fromage sans additif, ni lactose !","og_url":"https:\/\/newroots.ch\/fr\/a-propos\/","og_site_name":"New Roots vegan creamery","article_publisher":"https:\/\/www.facebook.com\/newrootscreamery","article_modified_time":"2025-12-12T11:00:16+00:00","twitter_card":"summary_large_image","schema":{"@context":"https:\/\/schema.org","@graph":[{"@type":"WebPage","@id":"https:\/\/newroots.ch\/fr\/a-propos\/","url":"https:\/\/newroots.ch\/fr\/a-propos\/","name":"Nos missions - New Roots vegan creamery","isPartOf":{"@id":"https:\/\/newroots.ch\/#website"},"datePublished":"2021-12-29T14:37:33+00:00","dateModified":"2025-12-12T11:00:16+00:00","description":"New Roots est une cr\u00e9merie v\u00e9g\u00e9talienne qui fait des alternatives vegan aux fromages. Un vrai substitut au fromage sans additif, ni lactose !","breadcrumb":{"@id":"https:\/\/newroots.ch\/fr\/a-propos\/#breadcrumb"},"inLanguage":"fr-FR","potentialAction":[{"@type":"ReadAction","target":["https:\/\/newroots.ch\/fr\/a-propos\/"]}]},{"@type":"BreadcrumbList","@id":"https:\/\/newroots.ch\/fr\/a-propos\/#breadcrumb","itemListElement":[{"@type":"ListItem","position":1,"name":"Accueil","item":"https:\/\/newroots.ch\/fr\/"},{"@type":"ListItem","position":2,"name":"\u00c0 propos"}]},{"@type":"WebSite","@id":"https:\/\/newroots.ch\/#website","url":"https:\/\/newroots.ch\/","name":"New Roots vegan creamery","description":"","publisher":{"@id":"https:\/\/newroots.ch\/#organization"},"potentialAction":[{"@type":"SearchAction","target":{"@type":"EntryPoint","urlTemplate":"https:\/\/newroots.ch\/?s={search_term_string}"},"query-input":{"@type":"PropertyValueSpecification","valueRequired":true,"valueName":"search_term_string"}}],"inLanguage":"fr-FR"},{"@type":"Organization","@id":"https:\/\/newroots.ch\/#organization","name":"New Roots AG vegan creamery","url":"https:\/\/newroots.ch\/","logo":{"@type":"ImageObject","inLanguage":"fr-FR","@id":"https:\/\/newroots.ch\/#\/schema\/logo\/image\/","url":"https:\/\/newroots.ch\/wp-content\/uploads\/2024\/01\/NEW-ROOTS_Logo-basique_RVB_noir.png","contentUrl":"https:\/\/newroots.ch\/wp-content\/uploads\/2024\/01\/NEW-ROOTS_Logo-basique_RVB_noir.png","width":1440,"height":759,"caption":"New Roots AG vegan creamery"},"image":{"@id":"https:\/\/newroots.ch\/#\/schema\/logo\/image\/"},"sameAs":["https:\/\/www.facebook.com\/newrootscreamery","https:\/\/ch.linkedin.com\/company\/new-roots-ag","https:\/\/www.instagram.com\/new__roots\/"]}]}},"_links":{"self":[{"href":"https:\/\/newroots.ch\/fr\/wp-json\/wp\/v2\/pages\/14","targetHints":{"allow":["GET"]}}],"collection":[{"href":"https:\/\/newroots.ch\/fr\/wp-json\/wp\/v2\/pages"}],"about":[{"href":"https:\/\/newroots.ch\/fr\/wp-json\/wp\/v2\/types\/page"}],"author":[{"embeddable":true,"href":"https:\/\/newroots.ch\/fr\/wp-json\/wp\/v2\/users\/7"}],"replies":[{"embeddable":true,"href":"https:\/\/newroots.ch\/fr\/wp-json\/wp\/v2\/comments?post=14"}],"version-history":[{"count":77,"href":"https:\/\/newroots.ch\/fr\/wp-json\/wp\/v2\/pages\/14\/revisions"}],"predecessor-version":[{"id":99842,"href":"https:\/\/newroots.ch\/fr\/wp-json\/wp\/v2\/pages\/14\/revisions\/99842"}],"wp:attachment":[{"href":"https:\/\/newroots.ch\/fr\/wp-json\/wp\/v2\/media?parent=14"}],"curies":[{"name":"wp","href":"https:\/\/api.w.org\/{rel}","templated":true}]}}